{"id":1444,"date":"2024-05-31T17:21:40","date_gmt":"2024-05-31T17:21:40","guid":{"rendered":"https:\/\/gohost.keystonedemo.xyz\/?page_id=1444"},"modified":"2024-09-22T20:27:35","modified_gmt":"2024-09-22T18:27:35","slug":"refund-policy","status":"publish","type":"page","link":"https:\/\/bovahost.com\/fr\/politique-de-remboursement\/","title":{"rendered":"Politique de remboursement"},"content":{"rendered":"<p class=\"cmplz-subtitle\"><strong>Droit de r\u00e9tractation<\/strong><\/p>\n<p>Vous avez le droit de vous r\u00e9tracter du pr\u00e9sent contrat dans un d\u00e9lai de 14 jours sans donner de motif.<\/p>\n<p>Le d\u00e9lai de r\u00e9tractation expirera apr\u00e8s 14 jours \u00e0 compter du jour de la conclusion du contrat.<\/p>\n<p>Pour exercer le droit de r\u00e9tractation, vous devez nous notifier votre d\u00e9cision de r\u00e9tractation du pr\u00e9sent contrat au moyen d&#039;une d\u00e9claration d\u00e9nu\u00e9e d&#039;ambigu\u00eft\u00e9 (par exemple, lettre envoy\u00e9e par la poste, t\u00e9l\u00e9copie ou courrier \u00e9lectronique). Vous trouverez nos coordonn\u00e9es ci-dessous. Vous pouvez utiliser le mod\u00e8le ci-joint\u00a0<a href=\"https:\/\/bovahost.com\/wp-content\/uploads\/complianz\/withdrawal-forms\/withdrawal-form-en.pdf\" target=\"_blank\" rel=\"noopener\">formulaire de r\u00e9tractation<\/a>, mais ce n&#039;est pas obligatoire.<\/p>\n<p>Vous pouvez \u00e9galement remplir et soumettre \u00e9lectroniquement le mod\u00e8le de formulaire de r\u00e9tractation ou toute autre d\u00e9claration sans \u00e9quivoque sur notre\u00a0<a href=\"https:\/\/bovahost.com\/fr\/contactez-nous\/\">site web<\/a>.<\/p>\n<p>Si vous utilisez cette option, nous vous communiquerons sans d\u00e9lai un accus\u00e9 de r\u00e9ception de cette r\u00e9tractation sur un support durable (par exemple par courrier \u00e9lectronique).<\/p>\n<p>Pour respecter le d\u00e9lai de r\u00e9tractation, il suffit que vous transmettiez votre communication relative \u00e0 l\u2019exercice du droit de r\u00e9tractation avant l\u2019expiration du d\u00e9lai de r\u00e9tractation.<\/p>\n<p class=\"cmplz-subtitle\"><strong>Effets du retrait<\/strong><\/p>\n<p>En cas de r\u00e9tractation de votre part du pr\u00e9sent contrat, nous vous rembourserons tous les paiements re\u00e7us de vous, y compris les frais de livraison (\u00e0 l\u2019exception des frais suppl\u00e9mentaires d\u00e9coulant du fait que vous avez choisi, le cas \u00e9ch\u00e9ant, un mode de livraison autre que le mode moins co\u00fbteux de livraison standard propos\u00e9 par nous), sans retard excessif et, en tout \u00e9tat de cause, au plus tard quatorze jours \u00e0 compter du jour o\u00f9 nous sommes inform\u00e9s de votre d\u00e9cision de r\u00e9tractation du pr\u00e9sent contrat. Nous proc\u00e9derons \u00e0 ce remboursement en utilisant le m\u00eame moyen de paiement que celui que vous aurez utilis\u00e9 pour la transaction initiale, sauf si vous convenez express\u00e9ment d\u2019un moyen diff\u00e9rent ; en tout \u00e9tat de cause, ce remboursement n\u2019occasionnera pas de frais pour vous.<\/p>\n<p>Si vous avez demand\u00e9 de commencer l&#039;ex\u00e9cution des services pendant le d\u00e9lai de r\u00e9tractation, vous devrez nous payer un montant proportionnel \u00e0 ce qui a \u00e9t\u00e9 fourni jusqu&#039;\u00e0 ce que vous nous ayez communiqu\u00e9 votre r\u00e9tractation du pr\u00e9sent contrat, par rapport \u00e0 la couverture compl\u00e8te du contrat.<\/p>\n<p>Veuillez noter qu&#039;il existe certaines exceptions l\u00e9gales au droit de r\u00e9tractation et que certains articles ne peuvent donc pas \u00eatre retourn\u00e9s ou \u00e9chang\u00e9s. Nous vous informerons si cela s&#039;applique \u00e0 votre cas particulier.<\/p>","protected":false},"excerpt":{"rendered":"<p>Droit de r\u00e9tractation Vous avez le droit de vous r\u00e9tracter du pr\u00e9sent contrat dans un d\u00e9lai de 14 jours sans donner de motif. Le d\u00e9lai de r\u00e9tractation expire apr\u00e8s<\/p>","protected":false},"author":1,"featured_media":0,"parent":0,"menu_order":0,"comment_status":"closed","ping_status":"closed","template":"template-full-width.php","meta":{"inline_featured_image":false,"footnotes":""},"class_list":["post-1444","page","type-page","status-publish","hentry"],"yoast_head":"<!-- This site is optimized with the Yoast SEO Premium plugin v23.4 (Yoast SEO v26.6) - https:\/\/yoast.com\/wordpress\/plugins\/seo\/ -->\n<title>Refund Policy | Bova HOST<\/title>\n<meta name=\"description\" content=\"Right of withdrawal You have the right to withdraw from this contract within 14 days without giving any reason. The withdrawal period will expire after 14\" \/>\n<meta name=\"robots\" content=\"index, follow, max-snippet:-1, max-image-preview:large, max-video-preview:-1\" \/>\n<link rel=\"canonical\" href=\"https:\/\/bovahost.com\/fr\/politique-de-remboursement\/\" \/>\n<meta property=\"og:locale\" content=\"fr_FR\" \/>\n<meta property=\"og:type\" content=\"article\" \/>\n<meta property=\"og:title\" content=\"Refund Policy\" \/>\n<meta property=\"og:description\" content=\"Right of withdrawal You have the right to withdraw from this contract within 14 days without giving any reason. The withdrawal period will expire after 14\" \/>\n<meta property=\"og:url\" content=\"https:\/\/bovahost.com\/fr\/politique-de-remboursement\/\" \/>\n<meta property=\"og:site_name\" content=\"Bova HOST\" \/>\n<meta property=\"article:modified_time\" content=\"2024-09-22T18:27:35+00:00\" \/>\n<meta property=\"og:image\" content=\"https:\/\/bovahost.com\/wp-content\/uploads\/2024\/05\/wordpress-2.png\" \/>\n\t<meta property=\"og:image:width\" content=\"1524\" \/>\n\t<meta property=\"og:image:height\" content=\"1180\" \/>\n\t<meta property=\"og:image:type\" content=\"image\/png\" \/>\n<meta name=\"twitter:card\" content=\"summary_large_image\" \/>\n<meta name=\"twitter:label1\" content=\"Dur\u00e9e de lecture estim\u00e9e\" \/>\n\t<meta name=\"twitter:data1\" content=\"2 minutes\" \/>\n<script type=\"application\/ld+json\" class=\"yoast-schema-graph\">{\"@context\":\"https:\/\/schema.org\",\"@graph\":[{\"@type\":\"WebPage\",\"@id\":\"https:\/\/bovahost.com\/refund-policy\/\",\"url\":\"https:\/\/bovahost.com\/refund-policy\/\",\"name\":\"Refund Policy | Bova HOST\",\"isPartOf\":{\"@id\":\"https:\/\/bovahost.com\/#website\"},\"datePublished\":\"2024-05-31T17:21:40+00:00\",\"dateModified\":\"2024-09-22T18:27:35+00:00\",\"description\":\"Right of withdrawal You have the right to withdraw from this contract within 14 days without giving any reason. The withdrawal period will expire after 14\",\"breadcrumb\":{\"@id\":\"https:\/\/bovahost.com\/refund-policy\/#breadcrumb\"},\"inLanguage\":\"fr-FR\",\"potentialAction\":[{\"@type\":\"ReadAction\",\"target\":[\"https:\/\/bovahost.com\/refund-policy\/\"]}]},{\"@type\":\"BreadcrumbList\",\"@id\":\"https:\/\/bovahost.com\/refund-policy\/#breadcrumb\",\"itemListElement\":[{\"@type\":\"ListItem\",\"position\":1,\"name\":\"Home\",\"item\":\"https:\/\/bovahost.com\/\"},{\"@type\":\"ListItem\",\"position\":2,\"name\":\"Refund Policy\"}]},{\"@type\":\"WebSite\",\"@id\":\"https:\/\/bovahost.com\/#website\",\"url\":\"https:\/\/bovahost.com\/\",\"name\":\"BovaHOST\",\"description\":\"\",\"publisher\":{\"@id\":\"https:\/\/bovahost.com\/#organization\"},\"potentialAction\":[{\"@type\":\"SearchAction\",\"target\":{\"@type\":\"EntryPoint\",\"urlTemplate\":\"https:\/\/bovahost.com\/?s={search_term_string}\"},\"query-input\":{\"@type\":\"PropertyValueSpecification\",\"valueRequired\":true,\"valueName\":\"search_term_string\"}}],\"inLanguage\":\"fr-FR\"},{\"@type\":\"Organization\",\"@id\":\"https:\/\/bovahost.com\/#organization\",\"name\":\"BovaHOST (Projekt L Jajce)\",\"url\":\"https:\/\/bovahost.com\/\",\"logo\":{\"@type\":\"ImageObject\",\"inLanguage\":\"fr-FR\",\"@id\":\"https:\/\/bovahost.com\/#\/schema\/logo\/image\/\",\"url\":\"https:\/\/bovahost.com\/wp-content\/uploads\/2024\/09\/logo-light.png\",\"contentUrl\":\"https:\/\/bovahost.com\/wp-content\/uploads\/2024\/09\/logo-light.png\",\"width\":450,\"height\":80,\"caption\":\"BovaHOST (Projekt L Jajce)\"},\"image\":{\"@id\":\"https:\/\/bovahost.com\/#\/schema\/logo\/image\/\"}}]}<\/script>\n<!-- \/ Yoast SEO Premium plugin. -->","yoast_head_json":{"title":"Politique de remboursement | Bova HOST","description":"Droit de r\u00e9tractation Vous avez le droit de vous r\u00e9tracter du pr\u00e9sent contrat dans un d\u00e9lai de 14 jours sans donner de motif. Le d\u00e9lai de r\u00e9tractation expire apr\u00e8s 14 jours.","robots":{"index":"index","follow":"follow","max-snippet":"max-snippet:-1","max-image-preview":"max-image-preview:large","max-video-preview":"max-video-preview:-1"},"canonical":"https:\/\/bovahost.com\/fr\/politique-de-remboursement\/","og_locale":"fr_FR","og_type":"article","og_title":"Refund Policy","og_description":"Right of withdrawal You have the right to withdraw from this contract within 14 days without giving any reason. The withdrawal period will expire after 14","og_url":"https:\/\/bovahost.com\/fr\/politique-de-remboursement\/","og_site_name":"Bova HOST","article_modified_time":"2024-09-22T18:27:35+00:00","og_image":[{"width":1524,"height":1180,"url":"https:\/\/bovahost.com\/wp-content\/uploads\/2024\/05\/wordpress-2.png","type":"image\/png"}],"twitter_card":"summary_large_image","twitter_misc":{"Dur\u00e9e de lecture estim\u00e9e":"2 minutes"},"schema":{"@context":"https:\/\/schema.org","@graph":[{"@type":"WebPage","@id":"https:\/\/bovahost.com\/refund-policy\/","url":"https:\/\/bovahost.com\/refund-policy\/","name":"Politique de remboursement | Bova HOST","isPartOf":{"@id":"https:\/\/bovahost.com\/#website"},"datePublished":"2024-05-31T17:21:40+00:00","dateModified":"2024-09-22T18:27:35+00:00","description":"Droit de r\u00e9tractation Vous avez le droit de vous r\u00e9tracter du pr\u00e9sent contrat dans un d\u00e9lai de 14 jours sans donner de motif. Le d\u00e9lai de r\u00e9tractation expire apr\u00e8s 14 jours.","breadcrumb":{"@id":"https:\/\/bovahost.com\/refund-policy\/#breadcrumb"},"inLanguage":"fr-FR","potentialAction":[{"@type":"ReadAction","target":["https:\/\/bovahost.com\/refund-policy\/"]}]},{"@type":"BreadcrumbList","@id":"https:\/\/bovahost.com\/refund-policy\/#breadcrumb","itemListElement":[{"@type":"ListItem","position":1,"name":"Home","item":"https:\/\/bovahost.com\/"},{"@type":"ListItem","position":2,"name":"Refund Policy"}]},{"@type":"WebSite","@id":"https:\/\/bovahost.com\/#website","url":"https:\/\/bovahost.com\/","name":"BovaHOST","description":"","publisher":{"@id":"https:\/\/bovahost.com\/#organization"},"potentialAction":[{"@type":"SearchAction","target":{"@type":"EntryPoint","urlTemplate":"https:\/\/bovahost.com\/?s={search_term_string}"},"query-input":{"@type":"PropertyValueSpecification","valueRequired":true,"valueName":"search_term_string"}}],"inLanguage":"fr-FR"},{"@type":"Organization","@id":"https:\/\/bovahost.com\/#organization","name":"BovaHOST (Projet L Jajce)","url":"https:\/\/bovahost.com\/","logo":{"@type":"ImageObject","inLanguage":"fr-FR","@id":"https:\/\/bovahost.com\/#\/schema\/logo\/image\/","url":"https:\/\/bovahost.com\/wp-content\/uploads\/2024\/09\/logo-light.png","contentUrl":"https:\/\/bovahost.com\/wp-content\/uploads\/2024\/09\/logo-light.png","width":450,"height":80,"caption":"BovaHOST (Projekt L Jajce)"},"image":{"@id":"https:\/\/bovahost.com\/#\/schema\/logo\/image\/"}}]}},"_links":{"self":[{"href":"https:\/\/bovahost.com\/fr\/wp-json\/wp\/v2\/pages\/1444","targetHints":{"allow":["GET"]}}],"collection":[{"href":"https:\/\/bovahost.com\/fr\/wp-json\/wp\/v2\/pages"}],"about":[{"href":"https:\/\/bovahost.com\/fr\/wp-json\/wp\/v2\/types\/page"}],"author":[{"embeddable":true,"href":"https:\/\/bovahost.com\/fr\/wp-json\/wp\/v2\/users\/1"}],"replies":[{"embeddable":true,"href":"https:\/\/bovahost.com\/fr\/wp-json\/wp\/v2\/comments?post=1444"}],"version-history":[{"count":0,"href":"https:\/\/bovahost.com\/fr\/wp-json\/wp\/v2\/pages\/1444\/revisions"}],"wp:attachment":[{"href":"https:\/\/bovahost.com\/fr\/wp-json\/wp\/v2\/media?parent=1444"}],"curies":[{"name":"wp","href":"https:\/\/api.w.org\/{rel}","templated":true}]}}