{"id":1440,"date":"2024-05-31T17:20:23","date_gmt":"2024-05-31T17:20:23","guid":{"rendered":"https:\/\/gohost.keystonedemo.xyz\/?page_id=1440"},"modified":"2024-09-23T13:32:34","modified_gmt":"2024-09-23T11:32:34","slug":"privacy-policy","status":"publish","type":"page","link":"https:\/\/bovahost.com\/fr\/politique-de-confidentialite\/","title":{"rendered":"politique de confidentialit\u00e9"},"content":{"rendered":"<p>Bienvenue chez BovaHost !<\/p>\n<p>Chez BovaHost, accessible depuis https:\/\/bovahost.com\/, l&#039;une de nos principales priorit\u00e9s est la confidentialit\u00e9 de nos visiteurs. Ce document de politique de confidentialit\u00e9 contient les types d&#039;informations collect\u00e9es et enregistr\u00e9es par BovaHost et la mani\u00e8re dont nous les utilisons.<\/p>\n<p>Si vous avez des questions suppl\u00e9mentaires ou souhaitez plus d&#039;informations sur notre politique de confidentialit\u00e9, n&#039;h\u00e9sitez pas \u00e0 nous contacter.<\/p>\n<h3><strong>Fichiers journaux<\/strong><\/h3>\n<p>BovaHost suit une proc\u00e9dure standard d&#039;utilisation des fichiers journaux et des opinions de BovaHost, de ses agents et\/ou de ses affili\u00e9s. Les commentaires refl\u00e8tent les points de vue et les opinions de la personne qui publie ses points de vue et ses opinions. Dans la mesure permise par les lois applicables, BovaHost ne sera pas responsable des commentaires ou de toute responsabilit\u00e9, dommages ou d\u00e9penses caus\u00e9s et\/ou subis \u00e0 la suite de toute utilisation et\/ou publication et\/ou apparition des commentaires sur ce site Web.<\/p>\n<p>BovaHost se r\u00e9serve le droit de surveiller tous les commentaires et de supprimer tout commentaire qui peut \u00eatre consid\u00e9r\u00e9 comme inappropri\u00e9, offensant ou entra\u00eenant une violation des pr\u00e9sentes conditions g\u00e9n\u00e9rales.<\/p>\n<p>Vous garantissez et d\u00e9clarez que :<\/p>\n<ul>\n<li>Vous avez le droit de publier des commentaires sur notre site Web et disposez de toutes les licences et consentements n\u00e9cessaires pour le faire\u00a0;<\/li>\n<li>Les commentaires n&#039;envahissent aucun droit de propri\u00e9t\u00e9 intellectuelle, y compris, sans limitation, le droit d&#039;auteur, le brevet ou la marque d\u00e9pos\u00e9e de tout tiers\u00a0;<\/li>\n<li>Les commentaires ne contiennent aucun contenu diffamatoire, calomnieux, offensant, ind\u00e9cent ou autrement ill\u00e9gal qui constitue une atteinte \u00e0 la vie priv\u00e9e\u00a0;<\/li>\n<li>Les commentaires ne seront pas utilis\u00e9s pour solliciter ou promouvoir des affaires ou des coutumes, ni pour pr\u00e9senter des activit\u00e9s commerciales ou des activit\u00e9s ill\u00e9gales.<\/li>\n<\/ul>\n<p>Vous accordez par la pr\u00e9sente \u00e0 BovaHost une licence non exclusive pour utiliser, reproduire, \u00e9diter et autoriser des tiers \u00e0 utiliser, reproduire et \u00e9diter n&#039;importe lequel de vos commentaires sous toutes les formes, formats ou supports.<\/p>\n<h3><strong>Hyperliens vers notre contenu<\/strong><\/h3>\n<p>Les organisations suivantes peuvent cr\u00e9er un lien vers notre site Web sans autorisation \u00e9crite pr\u00e9alable\u00a0:<\/p>\n<ul>\n<li>Organismes gouvernementaux;<\/li>\n<li>Moteurs de recherche;<\/li>\n<li>Organismes de presse;<\/li>\n<li>Les distributeurs d&#039;annuaires en ligne peuvent cr\u00e9er un lien vers notre site Web de la m\u00eame mani\u00e8re qu&#039;ils cr\u00e9ent un lien hypertexte vers les sites Web d&#039;autres entreprises r\u00e9pertori\u00e9es\u00a0; et<\/li>\n<li>Entreprises accr\u00e9dit\u00e9es \u00e0 l&#039;\u00e9chelle du syst\u00e8me, \u00e0 l&#039;exception des organisations \u00e0 but non lucratif, des centres commerciaux caritatifs et des groupes de collecte de fonds caritatifs qui ne peuvent pas cr\u00e9er de lien hypertexte vers notre site Web.<\/li>\n<\/ul>\n<p>Ces organisations peuvent cr\u00e9er des liens vers notre page d&#039;accueil, vers des publications ou vers d&#039;autres informations du site Web, \u00e0 condition que le lien : (a) ne soit en aucun cas trompeur ; (b) n&#039;implique pas faussement un parrainage, une approbation ou une approbation de la partie qui \u00e9tablit le lien et de ses produits et\/ou services ; et (c) s&#039;inscrive dans le contexte du site de la partie qui \u00e9tablit le lien.<\/p>\n<p>Nous pouvons consid\u00e9rer et approuver d\u2019autres demandes de liens provenant des types d\u2019organisations suivants\u00a0:<\/p>\n<ul>\n<li>sources d\u2019informations sur les consommateurs et\/ou les entreprises commun\u00e9ment connues ;<\/li>\n<li>sites communautaires dot.com\u00a0;<\/li>\n<li>associations ou autres groupes repr\u00e9sentant des \u0153uvres caritatives ;<\/li>\n<li>distributeurs d\u2019annuaires en ligne;<\/li>\n<li>portails Internet;<\/li>\n<li>cabinets d&#039;expertise comptable, d&#039;avocats et de conseil; et<\/li>\n<li>\u00e9tablissements d\u2019enseignement et associations professionnelles.<\/li>\n<\/ul>\n<p>Nous approuverons les demandes de liens de ces organisations si nous d\u00e9cidons que : (a) le lien ne nous ferait pas para\u00eetre d\u00e9favorablement vis-\u00e0-vis de nous-m\u00eames ou de nos entreprises accr\u00e9dit\u00e9es ; (b) l&#039;organisation n&#039;a aucun dossier n\u00e9gatif avec nous ; (c) l&#039;avantage pour nous de la visibilit\u00e9 du lien hypertexte compense l&#039;absence de BovaHost ; et (d) le lien s&#039;inscrit dans le contexte d&#039;informations g\u00e9n\u00e9rales sur les ressources.<\/p>\n<p>Ces organisations peuvent cr\u00e9er un lien vers notre page d&#039;accueil \u00e0 condition que le lien : (a) ne soit en aucun cas trompeur ; (b) n&#039;implique pas faussement un parrainage, une approbation ou une approbation de la partie qui cr\u00e9e le lien et de ses produits ou services ; et (c) s&#039;int\u00e8gre dans le contexte du site de la partie qui cr\u00e9e le lien.<\/p>\n<p>Si vous faites partie des organisations mentionn\u00e9es au paragraphe 2 ci-dessus et que vous souhaitez cr\u00e9er un lien vers notre site Web, vous devez nous en informer en envoyant un e-mail \u00e0 BovaHost. Veuillez inclure votre nom, le nom de votre organisation, vos coordonn\u00e9es ainsi que l&#039;URL de votre site, une liste des URL \u00e0 partir desquelles vous avez l&#039;intention de cr\u00e9er un lien vers notre site Web et une liste des URL de notre site vers lesquelles vous souhaitez cr\u00e9er un lien. Attendez 2 \u00e0 3 semaines pour obtenir une r\u00e9ponse.<\/p>\n<p>Les organisations approuv\u00e9es peuvent cr\u00e9er un lien hypertexte vers notre site Web comme suit\u00a0:<\/p>\n<ul>\n<li>En utilisant notre nom d\u2019entreprise ; ou<\/li>\n<li>En utilisant le localisateur de ressources uniformes auquel il est li\u00e9 ; ou<\/li>\n<li>En utilisant toute autre description de notre site Web li\u00e9 qui a du sens dans le contexte et le format du contenu du site de la partie li\u00e9e.<\/li>\n<\/ul>\n<p>Aucune utilisation du logo de BovaHost ou d&#039;autres illustrations ne sera autoris\u00e9e pour la cr\u00e9ation de liens en l&#039;absence d&#039;un accord de licence de marque.<\/p>\n<h3><strong>iFrames<\/strong><\/h3>\n<p>Sans autorisation pr\u00e9alable et permission \u00e9crite, vous ne pouvez pas cr\u00e9er de cadres autour de nos pages Web qui modifient de quelque mani\u00e8re que ce soit la pr\u00e9sentation visuelle ou l&#039;apparence de notre site Web.<\/p>\n<h3><strong>Responsabilit\u00e9 du contenu<\/strong><\/h3>\n<p>Nous ne pouvons \u00eatre tenus responsables du contenu qui appara\u00eet sur votre site Web. Vous acceptez de nous prot\u00e9ger et de nous d\u00e9fendre contre toutes les r\u00e9clamations qui pourraient survenir sur votre site Web. Aucun lien ne doit appara\u00eetre sur un site Web qui pourrait \u00eatre interpr\u00e9t\u00e9 comme diffamatoire, obsc\u00e8ne ou criminel, ou qui enfreint, viole ou pr\u00e9conise la violation ou toute autre violation des droits d&#039;un tiers.<\/p>\n<h3><strong>R\u00e9serve de droits<\/strong><\/h3>\n<p>Nous nous r\u00e9servons le droit de vous demander de supprimer tous les liens ou tout lien particulier vers notre site Web. Vous acceptez de supprimer imm\u00e9diatement tous les liens vers notre site Web sur demande. Nous nous r\u00e9servons \u00e9galement le droit de modifier ces termes et conditions et sa politique de liens \u00e0 tout moment. En vous connectant en permanence \u00e0 notre site Web, vous acceptez d&#039;\u00eatre li\u00e9 par et de suivre ces termes et conditions de liens.<\/p>\n<h3><strong>Suppression des liens de notre site Web<\/strong><\/h3>\n<p>Si vous trouvez sur notre site Internet un lien offensant pour une raison quelconque, vous \u00eates libre de nous contacter et de nous en informer \u00e0 tout moment. Nous \u00e9tudierons les demandes de suppression de liens, mais nous ne sommes pas oblig\u00e9s de le faire ni de vous r\u00e9pondre directement.<\/p>\n<p>Nous ne garantissons pas que les informations sur ce site Web sont correctes, nous ne garantissons pas leur exhaustivit\u00e9 ou leur exactitude ; nous ne promettons pas non plus de garantir que le site Web reste disponible ou que le contenu du site Web est tenu \u00e0 jour.<\/p>\n<h3><strong>Clause de non-responsabilit\u00e9<\/strong><\/h3>\n<p>Dans la mesure maximale permise par la loi applicable, nous excluons toutes les repr\u00e9sentations, garanties et conditions relatives \u00e0 notre site Web et \u00e0 l&#039;utilisation de ce site Web. Rien dans cette clause de non-responsabilit\u00e9 ne :<\/p>\n<ul>\n<li>limiter ou exclure notre ou votre responsabilit\u00e9 en cas de d\u00e9c\u00e8s ou de blessure corporelle\u00a0;<\/li>\n<li>limiter ou exclure notre ou votre responsabilit\u00e9 en cas de fraude ou de fausse d\u00e9claration frauduleuse\u00a0;<\/li>\n<li>limiter l\u2019une de nos ou vos responsabilit\u00e9s d\u2019une mani\u00e8re qui n\u2019est pas autoris\u00e9e par la loi applicable\u00a0; ou<\/li>\n<li>exclure l\u2019une quelconque de nos responsabilit\u00e9s ou des v\u00f4tres qui ne peuvent \u00eatre exclues en vertu de la loi applicable.<\/li>\n<\/ul>\n<p>Les limitations et interdictions de responsabilit\u00e9 \u00e9nonc\u00e9es dans la pr\u00e9sente section et ailleurs dans la pr\u00e9sente clause de non-responsabilit\u00e9 : (a) sont soumises au paragraphe pr\u00e9c\u00e9dent ; et (b) r\u00e9gissent toutes les responsabilit\u00e9s d\u00e9coulant de la clause de non-responsabilit\u00e9, y compris les responsabilit\u00e9s contractuelles, d\u00e9lictuelles et pour manquement \u00e0 une obligation l\u00e9gale.<\/p>\n<p>Tant que le site Web et les informations et services sur le site Web sont fournis gratuitement, nous ne serons pas responsables de toute perte ou dommage de quelque nature que ce soit.<\/p>","protected":false},"excerpt":{"rendered":"<p>Bienvenue sur BovaHost ! Chez BovaHost, accessible depuis https:\/\/bovahost.com\/, l&#039;une de nos principales priorit\u00e9s est la confidentialit\u00e9 de nos visiteurs. Ce document de politique de confidentialit\u00e9 contient des types<\/p>","protected":false},"author":1,"featured_media":0,"parent":0,"menu_order":0,"comment_status":"closed","ping_status":"closed","template":"template-full-width.php","meta":{"inline_featured_image":false,"footnotes":""},"class_list":["post-1440","page","type-page","status-publish","hentry"],"yoast_head":"<!-- This site is optimized with the Yoast SEO Premium plugin v23.4 (Yoast SEO v26.6) - https:\/\/yoast.com\/wordpress\/plugins\/seo\/ -->\n<title>Privacy Policy | Bova HOST<\/title>\n<meta name=\"description\" content=\"Welcome to BovaHost! At BovaHost, accessible from https:\/\/bovahost.com\/, one of our main priorities is the privacy of our visitors. This Privacy Policy\" \/>\n<meta name=\"robots\" content=\"index, follow, max-snippet:-1, max-image-preview:large, max-video-preview:-1\" \/>\n<link rel=\"canonical\" href=\"https:\/\/bovahost.com\/fr\/politique-de-confidentialite\/\" \/>\n<meta property=\"og:locale\" content=\"fr_FR\" \/>\n<meta property=\"og:type\" content=\"article\" \/>\n<meta property=\"og:title\" content=\"Privacy Policy\" \/>\n<meta property=\"og:description\" content=\"Welcome to BovaHost! At BovaHost, accessible from https:\/\/bovahost.com\/, one of our main priorities is the privacy of our visitors. This Privacy Policy\" \/>\n<meta property=\"og:url\" content=\"https:\/\/bovahost.com\/fr\/politique-de-confidentialite\/\" \/>\n<meta property=\"og:site_name\" content=\"Bova HOST\" \/>\n<meta property=\"article:modified_time\" content=\"2024-09-23T11:32:34+00:00\" \/>\n<meta property=\"og:image\" content=\"https:\/\/bovahost.com\/wp-content\/uploads\/2024\/05\/wordpress-2.png\" \/>\n\t<meta property=\"og:image:width\" content=\"1524\" \/>\n\t<meta property=\"og:image:height\" content=\"1180\" \/>\n\t<meta property=\"og:image:type\" content=\"image\/png\" \/>\n<meta name=\"twitter:card\" content=\"summary_large_image\" \/>\n<meta name=\"twitter:label1\" content=\"Dur\u00e9e de lecture estim\u00e9e\" \/>\n\t<meta name=\"twitter:data1\" content=\"5 minutes\" \/>\n<script type=\"application\/ld+json\" class=\"yoast-schema-graph\">{\"@context\":\"https:\/\/schema.org\",\"@graph\":[{\"@type\":\"WebPage\",\"@id\":\"https:\/\/bovahost.com\/privacy-policy\/\",\"url\":\"https:\/\/bovahost.com\/privacy-policy\/\",\"name\":\"Privacy Policy | Bova HOST\",\"isPartOf\":{\"@id\":\"https:\/\/bovahost.com\/#website\"},\"datePublished\":\"2024-05-31T17:20:23+00:00\",\"dateModified\":\"2024-09-23T11:32:34+00:00\",\"description\":\"Welcome to BovaHost! At BovaHost, accessible from https:\/\/bovahost.com\/, one of our main priorities is the privacy of our visitors. This Privacy Policy\",\"breadcrumb\":{\"@id\":\"https:\/\/bovahost.com\/privacy-policy\/#breadcrumb\"},\"inLanguage\":\"fr-FR\",\"potentialAction\":[{\"@type\":\"ReadAction\",\"target\":[\"https:\/\/bovahost.com\/privacy-policy\/\"]}]},{\"@type\":\"BreadcrumbList\",\"@id\":\"https:\/\/bovahost.com\/privacy-policy\/#breadcrumb\",\"itemListElement\":[{\"@type\":\"ListItem\",\"position\":1,\"name\":\"Home\",\"item\":\"https:\/\/bovahost.com\/\"},{\"@type\":\"ListItem\",\"position\":2,\"name\":\"Privacy Policy\"}]},{\"@type\":\"WebSite\",\"@id\":\"https:\/\/bovahost.com\/#website\",\"url\":\"https:\/\/bovahost.com\/\",\"name\":\"BovaHOST\",\"description\":\"\",\"publisher\":{\"@id\":\"https:\/\/bovahost.com\/#organization\"},\"potentialAction\":[{\"@type\":\"SearchAction\",\"target\":{\"@type\":\"EntryPoint\",\"urlTemplate\":\"https:\/\/bovahost.com\/?s={search_term_string}\"},\"query-input\":{\"@type\":\"PropertyValueSpecification\",\"valueRequired\":true,\"valueName\":\"search_term_string\"}}],\"inLanguage\":\"fr-FR\"},{\"@type\":\"Organization\",\"@id\":\"https:\/\/bovahost.com\/#organization\",\"name\":\"BovaHOST (Projekt L Jajce)\",\"url\":\"https:\/\/bovahost.com\/\",\"logo\":{\"@type\":\"ImageObject\",\"inLanguage\":\"fr-FR\",\"@id\":\"https:\/\/bovahost.com\/#\/schema\/logo\/image\/\",\"url\":\"https:\/\/bovahost.com\/wp-content\/uploads\/2024\/09\/logo-light.png\",\"contentUrl\":\"https:\/\/bovahost.com\/wp-content\/uploads\/2024\/09\/logo-light.png\",\"width\":450,\"height\":80,\"caption\":\"BovaHOST (Projekt L Jajce)\"},\"image\":{\"@id\":\"https:\/\/bovahost.com\/#\/schema\/logo\/image\/\"}}]}<\/script>\n<!-- \/ Yoast SEO Premium plugin. -->","yoast_head_json":{"title":"Politique de confidentialit\u00e9 | Bova HOST","description":"Bienvenue sur BovaHost ! Chez BovaHost, accessible depuis https:\/\/bovahost.com\/, l&#039;une de nos principales priorit\u00e9s est la confidentialit\u00e9 de nos visiteurs. Cette politique de confidentialit\u00e9","robots":{"index":"index","follow":"follow","max-snippet":"max-snippet:-1","max-image-preview":"max-image-preview:large","max-video-preview":"max-video-preview:-1"},"canonical":"https:\/\/bovahost.com\/fr\/politique-de-confidentialite\/","og_locale":"fr_FR","og_type":"article","og_title":"Privacy Policy","og_description":"Welcome to BovaHost! At BovaHost, accessible from https:\/\/bovahost.com\/, one of our main priorities is the privacy of our visitors. This Privacy Policy","og_url":"https:\/\/bovahost.com\/fr\/politique-de-confidentialite\/","og_site_name":"Bova HOST","article_modified_time":"2024-09-23T11:32:34+00:00","og_image":[{"width":1524,"height":1180,"url":"https:\/\/bovahost.com\/wp-content\/uploads\/2024\/05\/wordpress-2.png","type":"image\/png"}],"twitter_card":"summary_large_image","twitter_misc":{"Dur\u00e9e de lecture estim\u00e9e":"5 minutes"},"schema":{"@context":"https:\/\/schema.org","@graph":[{"@type":"WebPage","@id":"https:\/\/bovahost.com\/privacy-policy\/","url":"https:\/\/bovahost.com\/privacy-policy\/","name":"Politique de confidentialit\u00e9 | Bova HOST","isPartOf":{"@id":"https:\/\/bovahost.com\/#website"},"datePublished":"2024-05-31T17:20:23+00:00","dateModified":"2024-09-23T11:32:34+00:00","description":"Bienvenue sur BovaHost ! Chez BovaHost, accessible depuis https:\/\/bovahost.com\/, l&#039;une de nos principales priorit\u00e9s est la confidentialit\u00e9 de nos visiteurs. Cette politique de confidentialit\u00e9","breadcrumb":{"@id":"https:\/\/bovahost.com\/privacy-policy\/#breadcrumb"},"inLanguage":"fr-FR","potentialAction":[{"@type":"ReadAction","target":["https:\/\/bovahost.com\/privacy-policy\/"]}]},{"@type":"BreadcrumbList","@id":"https:\/\/bovahost.com\/privacy-policy\/#breadcrumb","itemListElement":[{"@type":"ListItem","position":1,"name":"Home","item":"https:\/\/bovahost.com\/"},{"@type":"ListItem","position":2,"name":"Privacy Policy"}]},{"@type":"WebSite","@id":"https:\/\/bovahost.com\/#website","url":"https:\/\/bovahost.com\/","name":"BovaHOST","description":"","publisher":{"@id":"https:\/\/bovahost.com\/#organization"},"potentialAction":[{"@type":"SearchAction","target":{"@type":"EntryPoint","urlTemplate":"https:\/\/bovahost.com\/?s={search_term_string}"},"query-input":{"@type":"PropertyValueSpecification","valueRequired":true,"valueName":"search_term_string"}}],"inLanguage":"fr-FR"},{"@type":"Organization","@id":"https:\/\/bovahost.com\/#organization","name":"BovaHOST (Projet L Jajce)","url":"https:\/\/bovahost.com\/","logo":{"@type":"ImageObject","inLanguage":"fr-FR","@id":"https:\/\/bovahost.com\/#\/schema\/logo\/image\/","url":"https:\/\/bovahost.com\/wp-content\/uploads\/2024\/09\/logo-light.png","contentUrl":"https:\/\/bovahost.com\/wp-content\/uploads\/2024\/09\/logo-light.png","width":450,"height":80,"caption":"BovaHOST (Projekt L Jajce)"},"image":{"@id":"https:\/\/bovahost.com\/#\/schema\/logo\/image\/"}}]}},"_links":{"self":[{"href":"https:\/\/bovahost.com\/fr\/wp-json\/wp\/v2\/pages\/1440","targetHints":{"allow":["GET"]}}],"collection":[{"href":"https:\/\/bovahost.com\/fr\/wp-json\/wp\/v2\/pages"}],"about":[{"href":"https:\/\/bovahost.com\/fr\/wp-json\/wp\/v2\/types\/page"}],"author":[{"embeddable":true,"href":"https:\/\/bovahost.com\/fr\/wp-json\/wp\/v2\/users\/1"}],"replies":[{"embeddable":true,"href":"https:\/\/bovahost.com\/fr\/wp-json\/wp\/v2\/comments?post=1440"}],"version-history":[{"count":0,"href":"https:\/\/bovahost.com\/fr\/wp-json\/wp\/v2\/pages\/1440\/revisions"}],"wp:attachment":[{"href":"https:\/\/bovahost.com\/fr\/wp-json\/wp\/v2\/media?parent=1440"}],"curies":[{"name":"wp","href":"https:\/\/api.w.org\/{rel}","templated":true}]}}