{"id":1440,"date":"2024-05-31T17:20:23","date_gmt":"2024-05-31T17:20:23","guid":{"rendered":"https:\/\/gohost.keystonedemo.xyz\/?page_id=1440"},"modified":"2024-09-23T13:32:34","modified_gmt":"2024-09-23T11:32:34","slug":"privacy-policy","status":"publish","type":"page","link":"https:\/\/bovahost.com\/de\/datenschutzrichtlinie\/","title":{"rendered":"Datenschutzrichtlinie"},"content":{"rendered":"<p>Willkommen bei BovaHost!<\/p>\n<p>Bei BovaHost, erreichbar \u00fcber https:\/\/bovahost.com\/, ist die Privatsph\u00e4re unserer Besucher eine unserer Hauptpriorit\u00e4ten. Dieses Datenschutzdokument enth\u00e4lt Arten von Informationen, die von BovaHost gesammelt und aufgezeichnet werden, und wie wir sie verwenden.<\/p>\n<p>Wenn Sie weitere Fragen haben oder weitere Informationen zu unserer Datenschutzrichtlinie ben\u00f6tigen, z\u00f6gern Sie nicht, uns zu kontaktieren.<\/p>\n<h3><strong>Protokolldateien<\/strong><\/h3>\n<p>BovaHost folgt einem Standardverfahren zur Verwendung von Protokolldateien und Meinungen von BovaHost, seinen Vertretern und\/oder verbundenen Unternehmen. Kommentare spiegeln die Ansichten und Meinungen der Person wider, die ihre Ansichten und Meinungen ver\u00f6ffentlicht. Soweit nach geltendem Recht zul\u00e4ssig, haftet BovaHost nicht f\u00fcr die Kommentare oder f\u00fcr jegliche Haftung, Sch\u00e4den oder Kosten, die durch die Verwendung und\/oder Ver\u00f6ffentlichung und\/oder das Erscheinen der Kommentare auf dieser Website verursacht und\/oder erlitten werden.<\/p>\n<p>BovaHost beh\u00e4lt sich das Recht vor, alle Kommentare zu \u00fcberwachen und Kommentare zu entfernen, die als unangemessen oder beleidigend erachtet werden k\u00f6nnen oder einen Versto\u00df gegen diese Allgemeinen Gesch\u00e4ftsbedingungen darstellen.<\/p>\n<p>Sie gew\u00e4hrleisten und vertreten Folgendes:<\/p>\n<ul>\n<li>Sie sind berechtigt, die Kommentare auf unserer Website zu ver\u00f6ffentlichen und verf\u00fcgen \u00fcber alle hierf\u00fcr erforderlichen Lizenzen und Einwilligungen;<\/li>\n<li>Die Kommentare verletzen keine geistigen Eigentumsrechte, insbesondere keine Urheberrechte, Patente oder Markenrechte Dritter;<\/li>\n<li>Die Kommentare enthalten kein diffamierendes, verleumderisches, beleidigendes, unanst\u00e4ndiges oder anderweitig rechtswidriges Material, das eine Verletzung der Privatsph\u00e4re darstellt;<\/li>\n<li>Die Kommentare werden nicht verwendet, um Gesch\u00e4fte oder Br\u00e4uche anzuwerben oder zu f\u00f6rdern oder kommerzielle Aktivit\u00e4ten oder rechtswidrige Aktivit\u00e4ten darzustellen.<\/li>\n<\/ul>\n<p>Sie erteilen BovaHost hiermit eine nicht exklusive Lizenz zur Nutzung, Vervielf\u00e4ltigung und Bearbeitung Ihrer Kommentare in allen Formen, Formaten und Medien sowie zur Erm\u00e4chtigung anderer zur Nutzung, Vervielf\u00e4ltigung und Bearbeitung.<\/p>\n<h3><strong>Hyperlink zu unseren Inhalten<\/strong><\/h3>\n<p>Die folgenden Organisationen d\u00fcrfen ohne vorherige schriftliche Genehmigung auf unsere Website verlinken:<\/p>\n<ul>\n<li>Regierungsbeh\u00f6rden;<\/li>\n<li>Suchmaschinen;<\/li>\n<li>Nachrichtenorganisationen;<\/li>\n<li>Online-Verzeichnisverteiler k\u00f6nnen auf unsere Website auf dieselbe Weise verlinken, wie sie Hyperlinks zu den Websites anderer in diesem Verzeichnis aufgef\u00fchrter Unternehmen erstellen.<\/li>\n<li>Systemweit akkreditierte Unternehmen, mit Ausnahme werbender Non-Profit-Organisationen, Charity-Einkaufszentren und Wohlt\u00e4tigkeits-Spendengruppen, die keine Hyperlinks zu unserer Website setzen d\u00fcrfen.<\/li>\n<\/ul>\n<p>Diese Organisationen d\u00fcrfen auf unsere Homepage, Publikationen oder andere Informationen auf der Website verlinken, solange die folgenden Bedingungen eingehalten werden: (a) der Link darf nicht in irgendeiner Weise irref\u00fchrend sein; (b) der Link darf nicht f\u00e4lschlich auf eine F\u00f6rderung, Unterst\u00fctzung oder Billigung der verweisenden Partei und ihrer Produkte und\/oder Dienstleistungen hindeuten; und (c) der Link muss in den Kontext der Website der verweisenden Partei passen.<\/p>\n<p>Wir k\u00f6nnen andere Linkanfragen von den folgenden Arten von Organisationen pr\u00fcfen und genehmigen:<\/p>\n<ul>\n<li>allgemein bekannte Verbraucher- und\/oder Unternehmensinformationsquellen;<\/li>\n<li>Community-Websites von dot.coms;<\/li>\n<li>Vereine oder andere Gruppen, die Wohlt\u00e4tigkeitsorganisationen vertreten;<\/li>\n<li>Online-Verzeichnisverteiler;<\/li>\n<li>Internetportale;<\/li>\n<li>Wirtschaftspr\u00fcfungs-, Rechts- und Beratungsfirmen; und<\/li>\n<li>Bildungseinrichtungen und Branchenverb\u00e4nde.<\/li>\n<\/ul>\n<p>Wir werden Linkanfragen dieser Organisationen genehmigen, wenn wir entscheiden, dass: (a) der Link kein schlechtes Licht auf uns oder unsere akkreditierten Unternehmen werfen w\u00fcrde; (b) bei uns keine negativen Aufzeichnungen \u00fcber die Organisation vorhanden sind; (c) der Nutzen, der sich f\u00fcr uns aus der Sichtbarkeit des Hyperlinks ergibt, das Fehlen von BovaHost ausgleicht; und (d) der Link im Kontext allgemeiner Ressourceninformationen steht.<\/p>\n<p>Diese Organisationen d\u00fcrfen auf unsere Homepage verlinken, solange die folgenden Bedingungen eingehalten werden: (a) der Link darf nicht in irgendeiner Weise irref\u00fchrend sein; (b) der Link darf nicht f\u00e4lschlich auf eine F\u00f6rderung, Unterst\u00fctzung oder Billigung der verweisenden Partei und ihrer Produkte oder Dienstleistungen hindeuten; und (c) der Link muss in den Kontext der Website der verweisenden Partei passen.<\/p>\n<p>Wenn Sie eine der in Absatz 2 oben aufgef\u00fchrten Organisationen sind und an einer Verlinkung zu unserer Website interessiert sind, m\u00fcssen Sie uns dies per E-Mail an BovaHost mitteilen. Bitte geben Sie Ihren Namen, den Namen Ihrer Organisation, Ihre Kontaktinformationen sowie die URL Ihrer Website, eine Liste aller URLs an, von denen Sie auf unsere Website verlinken m\u00f6chten, und eine Liste der URLs auf unserer Website, auf die Sie verlinken m\u00f6chten. Warten Sie 2-3 Wochen auf eine Antwort.<\/p>\n<p>Zugelassene Organisationen k\u00f6nnen wie folgt auf unsere Website verlinken:<\/p>\n<ul>\n<li>Durch Verwendung unseres Firmennamens; oder<\/li>\n<li>Durch Verwendung des Uniform Resource Locators, auf den verwiesen wird; oder<\/li>\n<li>Durch Verwendung einer anderen Beschreibung unserer Website, auf die verlinkt wird, die im Kontext und Format des Inhalts auf der Website der verweisenden Partei Sinn ergibt.<\/li>\n<\/ul>\n<p>Die Verwendung des Logos oder anderer Grafiken von BovaHost zum Verlinken ist ohne eine Markenlizenzvereinbarung nicht gestattet.<\/p>\n<h3><strong>iFrames<\/strong><\/h3>\n<p>Ohne vorherige Genehmigung und schriftliche Erlaubnis d\u00fcrfen Sie keine Frames um unsere Webseiten erstellen, die die visuelle Darstellung oder das Erscheinungsbild unserer Website in irgendeiner Weise ver\u00e4ndern.<\/p>\n<h3><strong>Haftung f\u00fcr Inhalte<\/strong><\/h3>\n<p>Wir \u00fcbernehmen keine Verantwortung f\u00fcr Inhalte, die auf Ihrer Website erscheinen. Sie verpflichten sich, uns vor allen Anspr\u00fcchen zu sch\u00fctzen und zu verteidigen, die auf Ihrer Website entstehen. Auf keiner Website d\u00fcrfen Links erscheinen, die als verleumderisch, obsz\u00f6n oder kriminell ausgelegt werden k\u00f6nnen oder die Rechte Dritter verletzen, anderweitig verletzen oder die Verletzung oder sonstige Verletzung dieser Rechte bef\u00fcrworten.<\/p>\n<h3><strong>Vorbehalt von Rechten<\/strong><\/h3>\n<p>Wir behalten uns das Recht vor, Sie aufzufordern, alle Links oder einen bestimmten Link zu unserer Website zu entfernen. Sie erkl\u00e4ren sich damit einverstanden, alle Links zu unserer Website auf Anfrage unverz\u00fcglich zu entfernen. Wir behalten uns au\u00dferdem das Recht vor, diese Bedingungen und ihre Verlinkungsrichtlinien jederzeit zu \u00e4ndern. Indem Sie weiterhin auf unsere Website verlinken, erkl\u00e4ren Sie sich damit einverstanden, an diese Verlinkungsbedingungen gebunden zu sein und diese einzuhalten.<\/p>\n<h3><strong>Entfernung von Links von unserer Website<\/strong><\/h3>\n<p>Wenn Sie auf unserer Website einen Link finden, der aus irgendeinem Grund anst\u00f6\u00dfig ist, k\u00f6nnen Sie uns jederzeit kontaktieren und informieren. Wir werden Anfragen zur Entfernung von Links pr\u00fcfen, sind jedoch nicht dazu verpflichtet oder m\u00fcssen Ihnen direkt antworten.<\/p>\n<p>Wir gew\u00e4hrleisten nicht, dass die Informationen auf dieser Website richtig sind, und \u00fcbernehmen keine Garantie f\u00fcr deren Vollst\u00e4ndigkeit oder Genauigkeit. Ebenso wenig versprechen wir, daf\u00fcr zu sorgen, dass die Website verf\u00fcgbar bleibt oder dass die Materialien auf der Website auf dem neuesten Stand gehalten werden.<\/p>\n<h3><strong>Haftungsausschluss<\/strong><\/h3>\n<p>Soweit nach geltendem Recht zul\u00e4ssig, schlie\u00dfen wir alle Zusicherungen, Gew\u00e4hrleistungen und Bedingungen in Bezug auf unsere Website und die Nutzung dieser Website aus. Nichts in diesem Haftungsausschluss wird:<\/p>\n<ul>\n<li>unsere oder Ihre Haftung f\u00fcr Tod oder Personensch\u00e4den begrenzen oder ausschlie\u00dfen;<\/li>\n<li>unsere bzw. Ihre Haftung f\u00fcr Betrug oder arglistige Falschdarstellung begrenzen oder ausschlie\u00dfen;<\/li>\n<li>unsere oder Ihre Haftung in einer Weise zu beschr\u00e4nken, die nach geltendem Recht nicht zul\u00e4ssig ist; oder<\/li>\n<li>jegliche unserer oder Ihrer Haftungen auszuschlie\u00dfen, die nach geltendem Recht nicht ausgeschlossen werden k\u00f6nnen.<\/li>\n<\/ul>\n<p>Die in diesem Abschnitt und an anderer Stelle in diesem Haftungsausschluss festgelegten Haftungsbeschr\u00e4nkungen und -verbote: (a) unterliegen dem vorstehenden Absatz; und (b) regeln alle Haftungen, die sich aus dem Haftungsausschluss ergeben, einschlie\u00dflich der Haftungen aus Vertr\u00e4gen, unerlaubter Handlung und der Verletzung gesetzlicher Pflichten.<\/p>\n<p>Solange die Website und die Informationen und Dienste auf der Website unentgeltlich zur Verf\u00fcgung gestellt werden, haften wir nicht f\u00fcr Verluste oder Sch\u00e4den jeglicher Art.<\/p>","protected":false},"excerpt":{"rendered":"<p>Willkommen bei BovaHost! Bei BovaHost, erreichbar \u00fcber https:\/\/bovahost.com\/, ist die Privatsph\u00e4re unserer Besucher eine unserer Hauptpriorit\u00e4ten. Dieses Datenschutzdokument enth\u00e4lt Arten<\/p>","protected":false},"author":1,"featured_media":0,"parent":0,"menu_order":0,"comment_status":"closed","ping_status":"closed","template":"template-full-width.php","meta":{"inline_featured_image":false,"footnotes":""},"class_list":["post-1440","page","type-page","status-publish","hentry"],"yoast_head":"<!-- This site is optimized with the Yoast SEO Premium plugin v23.4 (Yoast SEO v26.6) - https:\/\/yoast.com\/wordpress\/plugins\/seo\/ -->\n<title>Privacy Policy | Bova HOST<\/title>\n<meta name=\"description\" content=\"Welcome to BovaHost! At BovaHost, accessible from https:\/\/bovahost.com\/, one of our main priorities is the privacy of our visitors. This Privacy Policy\" \/>\n<meta name=\"robots\" content=\"index, follow, max-snippet:-1, max-image-preview:large, max-video-preview:-1\" \/>\n<link rel=\"canonical\" href=\"https:\/\/bovahost.com\/de\/datenschutzrichtlinie\/\" \/>\n<meta property=\"og:locale\" content=\"de_DE\" \/>\n<meta property=\"og:type\" content=\"article\" \/>\n<meta property=\"og:title\" content=\"Privacy Policy\" \/>\n<meta property=\"og:description\" content=\"Welcome to BovaHost! At BovaHost, accessible from https:\/\/bovahost.com\/, one of our main priorities is the privacy of our visitors. This Privacy Policy\" \/>\n<meta property=\"og:url\" content=\"https:\/\/bovahost.com\/de\/datenschutzrichtlinie\/\" \/>\n<meta property=\"og:site_name\" content=\"Bova HOST\" \/>\n<meta property=\"article:modified_time\" content=\"2024-09-23T11:32:34+00:00\" \/>\n<meta property=\"og:image\" content=\"https:\/\/bovahost.com\/wp-content\/uploads\/2024\/05\/wordpress-2.png\" \/>\n\t<meta property=\"og:image:width\" content=\"1524\" \/>\n\t<meta property=\"og:image:height\" content=\"1180\" \/>\n\t<meta property=\"og:image:type\" content=\"image\/png\" \/>\n<meta name=\"twitter:card\" content=\"summary_large_image\" \/>\n<meta name=\"twitter:label1\" content=\"Gesch\u00e4tzte Lesezeit\" \/>\n\t<meta name=\"twitter:data1\" content=\"5\u00a0Minuten\" \/>\n<script type=\"application\/ld+json\" class=\"yoast-schema-graph\">{\"@context\":\"https:\/\/schema.org\",\"@graph\":[{\"@type\":\"WebPage\",\"@id\":\"https:\/\/bovahost.com\/privacy-policy\/\",\"url\":\"https:\/\/bovahost.com\/privacy-policy\/\",\"name\":\"Privacy Policy | Bova HOST\",\"isPartOf\":{\"@id\":\"https:\/\/bovahost.com\/#website\"},\"datePublished\":\"2024-05-31T17:20:23+00:00\",\"dateModified\":\"2024-09-23T11:32:34+00:00\",\"description\":\"Welcome to BovaHost! At BovaHost, accessible from https:\/\/bovahost.com\/, one of our main priorities is the privacy of our visitors. This Privacy Policy\",\"breadcrumb\":{\"@id\":\"https:\/\/bovahost.com\/privacy-policy\/#breadcrumb\"},\"inLanguage\":\"de\",\"potentialAction\":[{\"@type\":\"ReadAction\",\"target\":[\"https:\/\/bovahost.com\/privacy-policy\/\"]}]},{\"@type\":\"BreadcrumbList\",\"@id\":\"https:\/\/bovahost.com\/privacy-policy\/#breadcrumb\",\"itemListElement\":[{\"@type\":\"ListItem\",\"position\":1,\"name\":\"Home\",\"item\":\"https:\/\/bovahost.com\/\"},{\"@type\":\"ListItem\",\"position\":2,\"name\":\"Privacy Policy\"}]},{\"@type\":\"WebSite\",\"@id\":\"https:\/\/bovahost.com\/#website\",\"url\":\"https:\/\/bovahost.com\/\",\"name\":\"BovaHOST\",\"description\":\"\",\"publisher\":{\"@id\":\"https:\/\/bovahost.com\/#organization\"},\"potentialAction\":[{\"@type\":\"SearchAction\",\"target\":{\"@type\":\"EntryPoint\",\"urlTemplate\":\"https:\/\/bovahost.com\/?s={search_term_string}\"},\"query-input\":{\"@type\":\"PropertyValueSpecification\",\"valueRequired\":true,\"valueName\":\"search_term_string\"}}],\"inLanguage\":\"de\"},{\"@type\":\"Organization\",\"@id\":\"https:\/\/bovahost.com\/#organization\",\"name\":\"BovaHOST (Projekt L Jajce)\",\"url\":\"https:\/\/bovahost.com\/\",\"logo\":{\"@type\":\"ImageObject\",\"inLanguage\":\"de\",\"@id\":\"https:\/\/bovahost.com\/#\/schema\/logo\/image\/\",\"url\":\"https:\/\/bovahost.com\/wp-content\/uploads\/2024\/09\/logo-light.png\",\"contentUrl\":\"https:\/\/bovahost.com\/wp-content\/uploads\/2024\/09\/logo-light.png\",\"width\":450,\"height\":80,\"caption\":\"BovaHOST (Projekt L Jajce)\"},\"image\":{\"@id\":\"https:\/\/bovahost.com\/#\/schema\/logo\/image\/\"}}]}<\/script>\n<!-- \/ Yoast SEO Premium plugin. -->","yoast_head_json":{"title":"Datenschutzrichtlinie | Bova HOST","description":"Willkommen bei BovaHost! Bei BovaHost, erreichbar \u00fcber https:\/\/bovahost.com\/, ist die Privatsph\u00e4re unserer Besucher eine unserer Hauptpriorit\u00e4ten. Diese Datenschutzrichtlinie","robots":{"index":"index","follow":"follow","max-snippet":"max-snippet:-1","max-image-preview":"max-image-preview:large","max-video-preview":"max-video-preview:-1"},"canonical":"https:\/\/bovahost.com\/de\/datenschutzrichtlinie\/","og_locale":"de_DE","og_type":"article","og_title":"Privacy Policy","og_description":"Welcome to BovaHost! At BovaHost, accessible from https:\/\/bovahost.com\/, one of our main priorities is the privacy of our visitors. This Privacy Policy","og_url":"https:\/\/bovahost.com\/de\/datenschutzrichtlinie\/","og_site_name":"Bova HOST","article_modified_time":"2024-09-23T11:32:34+00:00","og_image":[{"width":1524,"height":1180,"url":"https:\/\/bovahost.com\/wp-content\/uploads\/2024\/05\/wordpress-2.png","type":"image\/png"}],"twitter_card":"summary_large_image","twitter_misc":{"Gesch\u00e4tzte Lesezeit":"5\u00a0Minuten"},"schema":{"@context":"https:\/\/schema.org","@graph":[{"@type":"WebPage","@id":"https:\/\/bovahost.com\/privacy-policy\/","url":"https:\/\/bovahost.com\/privacy-policy\/","name":"Datenschutzrichtlinie | Bova HOST","isPartOf":{"@id":"https:\/\/bovahost.com\/#website"},"datePublished":"2024-05-31T17:20:23+00:00","dateModified":"2024-09-23T11:32:34+00:00","description":"Willkommen bei BovaHost! Bei BovaHost, erreichbar \u00fcber https:\/\/bovahost.com\/, ist die Privatsph\u00e4re unserer Besucher eine unserer Hauptpriorit\u00e4ten. Diese Datenschutzrichtlinie","breadcrumb":{"@id":"https:\/\/bovahost.com\/privacy-policy\/#breadcrumb"},"inLanguage":"de","potentialAction":[{"@type":"ReadAction","target":["https:\/\/bovahost.com\/privacy-policy\/"]}]},{"@type":"BreadcrumbList","@id":"https:\/\/bovahost.com\/privacy-policy\/#breadcrumb","itemListElement":[{"@type":"ListItem","position":1,"name":"Home","item":"https:\/\/bovahost.com\/"},{"@type":"ListItem","position":2,"name":"Privacy Policy"}]},{"@type":"WebSite","@id":"https:\/\/bovahost.com\/#website","url":"https:\/\/bovahost.com\/","name":"BovaHOST","description":"","publisher":{"@id":"https:\/\/bovahost.com\/#organization"},"potentialAction":[{"@type":"SearchAction","target":{"@type":"EntryPoint","urlTemplate":"https:\/\/bovahost.com\/?s={search_term_string}"},"query-input":{"@type":"PropertyValueSpecification","valueRequired":true,"valueName":"search_term_string"}}],"inLanguage":"de"},{"@type":"Organization","@id":"https:\/\/bovahost.com\/#organization","name":"BovaHOST (Projekt L Jajce)","url":"https:\/\/bovahost.com\/","logo":{"@type":"ImageObject","inLanguage":"de","@id":"https:\/\/bovahost.com\/#\/schema\/logo\/image\/","url":"https:\/\/bovahost.com\/wp-content\/uploads\/2024\/09\/logo-light.png","contentUrl":"https:\/\/bovahost.com\/wp-content\/uploads\/2024\/09\/logo-light.png","width":450,"height":80,"caption":"BovaHOST (Projekt L Jajce)"},"image":{"@id":"https:\/\/bovahost.com\/#\/schema\/logo\/image\/"}}]}},"_links":{"self":[{"href":"https:\/\/bovahost.com\/de\/wp-json\/wp\/v2\/pages\/1440","targetHints":{"allow":["GET"]}}],"collection":[{"href":"https:\/\/bovahost.com\/de\/wp-json\/wp\/v2\/pages"}],"about":[{"href":"https:\/\/bovahost.com\/de\/wp-json\/wp\/v2\/types\/page"}],"author":[{"embeddable":true,"href":"https:\/\/bovahost.com\/de\/wp-json\/wp\/v2\/users\/1"}],"replies":[{"embeddable":true,"href":"https:\/\/bovahost.com\/de\/wp-json\/wp\/v2\/comments?post=1440"}],"version-history":[{"count":0,"href":"https:\/\/bovahost.com\/de\/wp-json\/wp\/v2\/pages\/1440\/revisions"}],"wp:attachment":[{"href":"https:\/\/bovahost.com\/de\/wp-json\/wp\/v2\/media?parent=1440"}],"curies":[{"name":"wp","href":"https:\/\/api.w.org\/{rel}","templated":true}]}}