{"id":2954,"date":"2024-09-21T21:15:20","date_gmt":"2024-09-21T19:15:20","guid":{"rendered":"https:\/\/bovahost.com\/terms-and-conditions\/"},"modified":"2024-09-21T21:15:20","modified_gmt":"2024-09-21T19:15:20","slug":"terms-and-conditions","status":"publish","type":"page","link":"https:\/\/bovahost.com\/bhs\/odredbe-i-uslovi\/","title":{"rendered":"Odredbe i uslovi"},"content":{"rendered":"<!-- This legal document was generated by Complianz Terms &amp; Conditions https:\/\/wordpress.org\/plugins\/complianz-terms-conditions -->\n<div id=\"cmplz-document\" class=\"cmplz-document cmplz-terms-conditions\"><p><i>The Terms and Conditions were last updated on Septembar 21, 2024<\/i><\/p><h2>1. Uvod<\/h2><p>Ovi Uslovi i odredbe primjenjuju se na ovu web stranicu i na transakcije povezane s na\u0161im proizvodima i uslugama. Mo\u017eda \u0107ete biti vezani dodatnim ugovorima koji se odnose na va\u0161 odnos s nama ili bilo koje proizvode ili usluge koje primate od nas. Ako je bilo koja odredba dodatnih ugovora u suprotnosti sa bilo kojom odredbom ovih Uslova, odredbe ovih dodatnih ugovora \u0107e kontrolisati i imati prednost.<\/p><h2>2. Uvezivanje<\/h2><p>Registracijom na ovoj web stranici, pristupanjem ili kori\u0161tenjem na drugi na\u010din, sla\u017eete se da \u0107ete biti vezani ovim Uvjetima i odredbama navedenim u nastavku. Samo kori\u0161tenje ove web stranice podrazumijeva poznavanje i prihva\u0107anje ovih Uvjeta. U nekim posebnim slu\u010dajevima, tako\u0111er mo\u017eemo tra\u017eiti od vas da se izri\u010dito sla\u017eete.<\/p><h2>3. Elektronska komunikacija<\/h2><p>Kori\u0161tenjem ove web stranice ili komunikacijom s nama elektronskim putem, sla\u017eete se i potvr\u0111ujete da mo\u017eemo komunicirati s vama elektroni\u010dkim putem na na\u0161oj web stranici ili slanjem e-po\u0161te vama, i sla\u017eete se da svi ugovori, obavijesti, otkrivanja i druga komunikacija koju mi da vam elektronskim putem udovoljimo svim zakonskim zahtjevima, uklju\u010duju\u0107i, ali ne ograni\u010davaju\u0107i se na zahtjev da takva komunikacija bude u pisanoj formi.<\/p><h2>4. Intelektualna svojina<\/h2><p>Mi ili na\u0161i davatelji licenci posjedujemo i kontroliramo sva autorska prava i druga prava intelektualne svojine na web stranici i podatke, informacije i druge resurse prikazane ili dostupne na web stranici.<\/p><p class=\"cmplz-subtitle\">4.1 Sva prava su zadr\u017eana<\/p><p>Osim ako odre\u0111eni sadr\u017eaj ne nala\u017ee druga\u010dije, ne dobijate licencu ili bilo koje drugo pravo prema autorskim pravima, \u017eigovima, patentima ili drugim pravima intelektualne svojine. To zna\u010di da ne\u0107ete koristiti, kopirati, reproducirati, izvoditi, prikazivati, distribuirati, ugra\u0111ivati u bilo koji elektronski medij, mijenjati, obrnuti in\u017eenjering, dekompilirati, prenositi, preuzimati, prenositi, unov\u010davati, prodavati, plasirati ili komercijalizirati bilo koje resurse na ovoj web stranici u bilo kom obliku, bez na\u0161e prethodne pismene dozvole, osim i samo u meri u kojoj je druga\u010dije propisano propisima obaveznog zakona (kao \u0161to je pravo na citiranje).<\/p><h2>5. Bilten<\/h2><p>Bez obzira na gore navedeno, na\u0161 bilten mo\u017eete proslijediti u elektronskom obliku drugima koji bi mogli biti zainteresirani za posjetu na\u0161oj web stranici.<\/p><h2>6. Imovina tre\u0107e strane<\/h2><p>Na\u0161a web stranica mo\u017ee sadr\u017eavati hiperveze ili druge reference na web stranice drugih strana. Ne pratimo niti pregledavamo sadr\u017eaj web stranica drugih strana na koje su povezane veze s ove web stranice. Proizvodi ili usluge koje nude druge web stranice podlije\u017eu primjenjivim Uvjetima i odredbama tih tre\u0107ih strana. Mi\u0161ljenja izra\u017eena ili materijal koji se pojavljuje na tim web stranicama ne dijelimo ili podr\u017eavamo nu\u017eno.<\/p><p>Ne\u0107emo biti odgovorni za bilo kakvu praksu privatnosti ili sadr\u017eaj ovih stranica. Vi snosite sve rizike povezane s kori\u0161tenjem ovih web stranica i svih povezanih usluga tre\u0107ih strana. Ne\u0107emo prihvatiti nikakvu odgovornost za bilo kakav gubitak ili \u0161tetu na bilo koji na\u010din, bez obzira na to koja je nastala, kao rezultat va\u0161eg otkrivanja li\u010dnih podataka tre\u0107im stranama.<\/p><h2>7. Odgovorno kori\u0161tenje<\/h2><p>Posjetom na\u0161e web stranice, sla\u017eete se da \u0107ete je koristiti samo u svrhe namijenjene i dopu\u0161tene ovim Uvjetima, svim dodatnim ugovorima s nama, te primjenjivim zakonima, propisima i op\u0107enito prihva\u0107enim internetskim praksama i smjernicama industrije. Ne smijete koristiti na\u0161u web stranicu ili usluge za kori\u0161tenje, objavljivanje ili distribuciju bilo kojeg materijala koji se sastoji od (ili je povezan sa) zlonamjernog kompjuterskog softvera; koristiti podatke prikupljene s na\u0161e web stranice za bilo koju direktnu marketin\u0161ku aktivnost ili provoditi bilo koje sustavne ili automatizirane aktivnosti prikupljanja podataka na na\u0161oj web stranici ili u vezi s njom.<\/p><p>Strogo je zabranjeno sudjelovanje u bilo kojoj aktivnosti koja uzrokuje ili mo\u017ee uzrokovati \u0161tetu web stranici ili koja ometa rad, dostupnost ili dostupnost web stranice.<\/p><h2>8. Registracija<\/h2><p>Mo\u017eete se registrirati za ra\u010dun na na\u0161oj web stranici. Tokom ovog procesa, mo\u017eda \u0107ete morati da odaberete lozinku. Odgovorni ste za odr\u017eavanje povjerljivosti lozinki i informacija o nalogu i saglasni ste da ne\u0107ete dijeliti svoje lozinke, podatke o ra\u010dunu ili siguran pristup na\u0161oj web stranici ili uslugama s bilo kojom drugom osobom. Ne smijete dozvoliti bilo kojoj drugoj osobi da koristi va\u0161 ra\u010dun za pristup web stranici jer ste vi odgovorni za sve aktivnosti koje se de\u0161avaju kori\u0161tenjem va\u0161ih lozinki ili naloga. Morate nas odmah obavijestiti ako saznate za bilo kakvo otkrivanje va\u0161e lozinke.<\/p><p>Nakon ukidanja ra\u010duna, ne\u0107ete poku\u0161avati registrirati novi ra\u010dun bez na\u0161e dozvole.<\/p><h2>9. Politika povrata novca<\/h2><p class=\"cmplz-subtitle\">9.1 Pravo na povla\u010denje<\/p><p>Imate pravo odustati od ovog ugovora u roku od 14 dana bez navo\u0111enja razloga.<\/p><p>Rok za odustajanje isti\u010de 14 dana od dana zaklju\u010denja ugovora.<\/p><p>Da biste iskoristili pravo na odustanak, morate nas obavijestiti o svojoj odluci da odustanete od ovog ugovora nedvosmislenom izjavom (na primjer pismom poslanim po\u0161tom, faksom ili e-po\u0161tom). Na\u0161e kontakt podatke mo\u017eete prona\u0107i u nastavku. Mo\u017eete koristiti prilo\u017eeni model <a target=\"_blank\" href=\"https:\/\/bovahost.com\/wp-content\/uploads\/complianz\/withdrawal-forms\/withdrawal-form-bs.pdf\">obrazac za povla\u010denje<\/a>, ali nije obavezno.<\/p><p>Tako\u0111er mo\u017eete elektronski popuniti i predati obrazac za odustajanje ili bilo koju drugu nedvosmislenu izjavu na na\u0161em <a href=\"https:\/\/bovahost.com\/bhs\/kontaktirajte-nas\/\"> web stranica<\/a>.<\/p><p>Ako koristite ovu opciju, bez odlaganja \u0107emo vam poslati potvrdu o prijemu takvog povla\u010denja na trajnom mediju (na primjer putem e-po\u0161te).<\/p><p>Da biste ispo\u0161tovali rok za povla\u010denje, dovoljno je da po\u0161aljete svoju poruku o ostvarivanju prava na odustanak prije isteka roka za povla\u010denje.<\/p><p class=\"cmplz-subtitle\">9.2 Efekti povla\u010denja<\/p><p>Ako odustanete od ovog ugovora, mi \u0107emo vam nadoknaditi sve uplate primljene od vas, uklju\u010duju\u0107i tro\u0161kove isporuke (osim dodatnih tro\u0161kova koji proizlaze iz va\u0161eg izbora vrste isporuke koja nije najjeftinija vrsta standardne isporuke koju nudi nas), bez nepotrebnog odlaganja iu svakom slu\u010daju najkasnije u roku od 14 dana od dana kada smo obavije\u0161teni o va\u0161oj odluci da odustanete od ovog ugovora. Mi \u0107emo izvr\u0161iti takvu nadoknadu koriste\u0107i isto sredstvo pla\u0107anja koje ste koristili za po\u010detnu transakciju osim ako se izri\u010dito ne dogovorite druga\u010dije; u svakom slu\u010daju, ne\u0107ete imati nikakve naknade kao rezultat takve nadoknade.<\/p><p>Ako ste zatra\u017eili da po\u010dnete sa pru\u017eanjem usluga tokom perioda za povla\u010denje, platit \u0107ete nam iznos koji je proporcionalan onome \u0161to je pru\u017eeno sve dok nam ne obavijestite svoje odustajanje od ovog ugovora, u pore\u0111enju sa punim pokri\u0107em ugovora .<\/p><p>Imajte na umu da postoje neki zakonski izuzeci od prava na povla\u010denje, te se neki artikli stoga ne mogu vratiti ili zamijeniti.  Obavijestit \u0107emo vas da li se ovo odnosi na va\u0161 konkretni slu\u010daj.<\/p><h2>10. Podno\u0161enje ideje<\/h2><p>Nemojte slati ideje, izume, autorska djela ili druge informacije koje se mogu smatrati va\u0161im vlastitim intelektualnim vlasni\u0161tvom koje biste \u017eeljeli da nam predstavite osim ako prethodno nismo potpisali ugovor o intelektualnom vlasni\u0161tvu ili ugovor o neotkrivanju podataka. Ako nam to otkrijete bez takvog pismenog sporazuma, dajete nam svjetsku, neopozivu, neekskluzivnu, besplatnu licencu za kori\u0161tenje, reprodukciju, pohranu, prilago\u0111avanje, objavljivanje, prevo\u0111enje i distribuciju va\u0161eg sadr\u017eaja u bilo kojem postoje\u0107em ili budu\u0107em mediju .<\/p><h2>11. Prestanak upotrebe<\/h2><p>Mo\u017eemo, prema vlastitom naho\u0111enju, u bilo kojem trenutku izmijeniti ili prekinuti pristup, privremeno ili trajno, web stranici ili bilo kojoj usluzi na njoj. Sla\u017eete se da ne\u0107emo biti odgovorni prema vama ili bilo kojoj tre\u0107oj strani za bilo kakvu takvu izmjenu, suspenziju ili prekid va\u0161eg pristupa ili kori\u0161tenja web stranice ili bilo kojeg sadr\u017eaja koji ste mo\u017eda podijelili na web stranici. Ne\u0107ete imati pravo na bilo kakvu kompenzaciju ili drugu isplatu, \u010dak i ako su odre\u0111ene funkcije, postavke i\/ili bilo koji sadr\u017eaj na koji ste doprinijeli ili na koji ste se po\u010deli oslanjati, trajno izgubljeni. Ne smijete zaobi\u0107i ili zaobi\u0107i, niti poku\u0161ati zaobi\u0107i ili zaobi\u0107i bilo koje mjere ograni\u010denja pristupa na na\u0161oj web stranici.<\/p><h2>12. Garancije i odgovornost<\/h2><p>Ni\u0161ta u ovom odeljku ne\u0107e ograni\u010diti ili isklju\u010diti bilo koju garanciju koja je implicirana zakonom da bi bilo nezakonito ograni\u010diti ili isklju\u010diti. Ova web stranica i sav sadr\u017eaj na web stranici pru\u017eaju se na principu \u201ekao \u0161to je\u201c i \u201ekako je dostupno\u201c i mogu uklju\u010divati neto\u010dnosti ili tipografske gre\u0161ke. Izri\u010dito se odri\u010demo svih garancija bilo koje vrste, bilo eksplicitnih ili impliciranih, u pogledu dostupnosti, ta\u010dnosti ili potpunosti sadr\u017eaja. Ne dajemo garanciju da:<\/p><p><ul>\n\t\t\t\t<li>ova web stranica ili na\u0161i proizvodi ili usluge \u0107e zadovoljiti va\u0161e zahtjeve;<\/li>\n\t\t\t\t<li>ova web stranica \u0107e biti dostupna neprekidno, blagovremeno, bezbedno ili bez gre\u0161aka;<\/li>\n\t\t\t\t<li>kvaliteta bilo kojeg proizvoda ili usluge koju ste kupili ili stekli putem ove web stranice ispunit \u0107e va\u0161a o\u010dekivanja.<\/li>\n\t\t\t<\/ul><\/p><p>Ni\u0161ta na ovoj web stranici ne predstavlja niti je namijenjeno bilo kakvom pravnom, finansijskom ili medicinskom savjetu. Ako vam je potreban savjet, obratite se odgovaraju\u0107em stru\u010dnjaku.<\/p><p>Sljede\u0107e odredbe ovog odjeljka primjenjivat \u0107e se u maksimalnoj mjeri dopu\u0161tenoj va\u017ee\u0107im zakonom i ne\u0107e ograni\u010diti ili isklju\u010diti na\u0161u odgovornost u pogledu bilo kojeg pitanja za koje bi bilo nezakonito ili nezakonito da ograni\u010dimo ili isklju\u010dimo na\u0161u odgovornost. Ni u kom slu\u010daju ne\u0107emo biti odgovorni za bilo kakvu direktnu ili indirektnu \u0161tetu (uklju\u010duju\u0107i bilo kakvu \u0161tetu zbog gubitka profita ili prihoda, gubitak ili o\u0161te\u0107enje podataka, softvera ili baze podataka, ili gubitak ili \u0161tetu na imovini ili podacima) koju ste vi ili bilo koja tre\u0107a pretrpjeli strana, koja proizilazi iz va\u0161eg pristupa na\u0161oj web stranici ili kori\u0161tenja na\u0161e web stranice.<\/p><p>Osim u mjeri u kojoj je u bilo kojem dodatnom ugovoru izri\u010dito druga\u010dije navedeno, na\u0161a maksimalna odgovornost prema vama za svu \u0161tetu nastalu ili u vezi s web-stranicom ili bilo kojim proizvodima i uslugama koje se prodaju ili prodaju putem web stranice, bez obzira na oblik pravne radnje koja name\u0107e odgovornost ( bilo u ugovoru, pravi\u010dnosti, nemaru, namjernom pona\u0161anju, deliktu ili na neki drugi na\u010din) \u0107e biti ograni\u010den na ukupnu cijenu koju ste nam platili za kupovinu takvih proizvoda ili usluga ili kori\u0161tenje web stranice. Takvo ograni\u010denje \u0107e se primjenjivati u zbiru na sve va\u0161e zahtjeve, radnje i uzroke djelovanja svake vrste i prirode.<\/p><h2>13. Privatnost<\/h2><p>Da biste pristupili na\u0161oj web stranici i\/ili uslugama, mo\u017eda \u0107ete morati dati odre\u0111ene podatke o sebi kao dio procesa registracije. Sla\u017eete se da \u0107e sve informacije koje pru\u017eite uvijek biti ta\u010dne, ta\u010dne i a\u017eurirane.<\/p><p>Va\u0161e li\u010dne podatke shvatamo ozbiljno i posve\u0107eni smo za\u0161titi va\u0161e privatnosti. Ne\u0107emo koristiti va\u0161u email adresu za ne\u017eeljenu po\u0161tu. Sve e-poruke koje vam po\u0161aljemo bit \u0107e samo u vezi s pru\u017eanjem ugovorenih proizvoda ili usluga.<\/p><p>Razvili smo politiku za rje\u0161avanje svih va\u0161ih zabrinutosti u vezi s privatno\u0161\u0107u. Za vi\u0161e informacija pogledajte na\u0161u <a href=\"\">Izjava o privatnosti<\/a> i na\u0161e <a href=\"https:\/\/bovahost.com\/bhs\/politika-kolacica-eu\/\">Politika kola\u010di\u0107a<\/a>.<\/p><h2>14. Pristupa\u010dnost<\/h2><p>Posve\u0107eni smo tome da sadr\u017eaj koji pru\u017eamo u\u010dinimo dostupnim osobama sa invaliditetom. Ako imate invaliditet i ne mo\u017eete pristupiti bilo kojem dijelu na\u0161e web stranice zbog svog invaliditeta, molimo vas da nam date obavijest uklju\u010duju\u0107i detaljan opis problema na koji ste nai\u0161li. Ako se problem mo\u017ee lako identifikovati i re\u0161iti u skladu sa industrijskim standardnim alatima i tehnikama informacione tehnologije, mi \u0107emo ga odmah re\u0161iti.<\/p><h2>15. Ograni\u010denja izvoza \/ Zakonska uskla\u0111enost<\/h2><p>Pristup web stranici sa teritorija ili zemalja u kojima je zabranjen sadr\u017eaj ili kupovina proizvoda ili usluga na web stranici je zabranjen. Ne smijete koristiti ovu web stranicu kr\u0161e\u0107i izvozne zakone i propise Bosne i Hercegovine.<\/p><h2>16. Affiliate marketing<\/h2><p>Putem ove web stranice mo\u017eemo se baviti affiliate marketingom pri \u010demu primamo postotak ili proviziju od prodaje usluga ili proizvoda na ili putem ove web stranice. Tako\u0111e mo\u017eemo prihvatiti sponzorstva ili druge oblike kompenzacije za ogla\u0161avanje od preduze\u0107a. Ovo otkrivanje ima za cilj da bude u skladu sa zakonskim zahtjevima o marketingu i ogla\u0161avanju koji se mogu primijeniti, kao \u0161to su pravila ameri\u010dke Federalne trgovinske komisije.<\/p><h2>17. Zadatak<\/h2><p>Ne smijete ustupiti, prenijeti ili podugovarati bilo koje od svojih prava i\/ili obaveza prema ovim Uslovima i odredbama, u cijelosti ili djelimi\u010dno, bilo kojoj tre\u0107oj strani bez na\u0161eg prethodnog pismenog pristanka. Svaki navodni zadatak kojim se kr\u0161i ovaj odeljak bi\u0107e ni\u0161tavan.<\/p><h2>18. Kr\u0161enja ovih Odredbi i uslova<\/h2><p>Ne dovode\u0107i u pitanje na\u0161a druga prava prema ovim Uvjetima i odredbama, ako na bilo koji na\u010din prekr\u0161ite ove Odredbe i uslove, mo\u017eemo poduzeti radnje koje smatramo prikladnima za rje\u0161avanje kr\u0161enja, uklju\u010duju\u0107i privremenu ili trajnu suspenziju va\u0161eg pristupa web stranici, kontaktiranje va\u0161eg internet provajdera da zatra\u017eite da vam blokiraju pristup web stranici i\/ili pokrenu pravni postupak protiv vas.<\/p><h2>19. Vi\u0161a sila<\/h2><p>Osim obaveza pla\u0107anja novca prema ovom Ugovoru, nikakvo ka\u0161njenje, propust ili propust bilo koje strane da izvr\u0161i ili po\u0161tuje bilo koju od svojih obaveza iz ovog Ugovora ne\u0107e se smatrati kr\u0161enjem ovih Odredbi i uslova ako i dokle god takvo ka\u0161njenje, neuspjeh ili propust proizlazi iz bilo kojeg razloga izvan razumne kontrole te strane.<\/p><h2>20. Obe\u0161te\u0107enje<\/h2><p>Saglasni ste da \u0107ete nas obe\u0161tetiti, braniti i dr\u017eati nas bezopasnim, od i protiv svih potra\u017eivanja, obaveza, \u0161teta, gubitaka i tro\u0161kova, koji se odnose na va\u0161e kr\u0161enje ovih Odredbi i uslova, i va\u017ee\u0107ih zakona, uklju\u010duju\u0107i prava intelektualne svojine i prava na privatnost. Odmah \u0107ete nam nadoknaditi na\u0161u \u0161tetu, gubitke, tro\u0161kove i izdatke koji se odnose na ili proizlaze iz takvih potra\u017eivanja.<\/p><h2>21. Odricanje<\/h2><p>Propust da se sprovede bilo koja od odredbi navedenih u ovim odredbama i uslovima i bilo kom Ugovoru, ili neispunjenje bilo koje opcije za raskid, ne\u0107e se tuma\u010diti kao odricanje od takvih odredbi i ne\u0107e uticati na valjanost ovih odredbi i uslova ili bilo kog drugog Ugovor ili bilo koji njegov dio, ili pravo nakon toga na provo\u0111enje svake odredbe.<\/p><h2>22. Jezik<\/h2><p>These Terms and Conditions will be interpreted and construed exclusively in English, Bosnian, German and  French.&nbsp;All notices and correspondence will be written exclusively in that language.<\/p><h2>23. Cjelokupni ugovor<\/h2><p>Ovi Uslovi i odredbe, zajedno sa na\u0161im <a href=\"\">izjava o privatnosti<\/a> i <a href=\"https:\/\/bovahost.com\/bhs\/politika-kolacica-eu\/\">politika kola\u010di\u0107a<\/a>, predstavlja cijeli ugovor izme\u0111u vas i BovaHosta (Projekt L Jajce) u vezi s va\u0161im kori\u0161tenjem ove web stranice.<\/p><h2>24. A\u017euriranje ovih Odredbi i uslova<\/h2><p>Mo\u017eemo s vremena na vrijeme a\u017eurirati ove Uslove i odredbe. Va\u0161a je obaveza da povremeno provjeravate ove Uslove i odredbe za promjene ili a\u017euriranja. Datum naveden na po\u010detku ovih Odredbi i uslova je najnoviji datum revizije. Promjene ovih Odredbi i uslova stupaju na snagu nakon \u0161to se takve izmjene objave na ovoj web stranici. Va\u0161e daljnje kori\u0161tenje ove web stranice nakon objavljivanja izmjena ili a\u017euriranja smatrat \u0107e se obavje\u0161tenjem o va\u0161em prihva\u0107anju da se pridr\u017eavate ovih Odredbi i uslova.<\/p><h2>25. Izbor zakona i nadle\u017enosti<\/h2><p>Ovi Uslovi i odredbe reguli\u0161u se zakonima Bosne i Hercegovine. Svi sporovi u vezi sa ovim Odredbama i uslovima su u nadle\u017enosti sudova Bosne i Hercegovine. Ako sud ili drugi organ utvrdi da je bilo koji dio ili odredba ovih Odredbi i uslova neva\u017ee\u0107i i\/ili neprimjenjivi prema va\u017ee\u0107em zakonu, takav dio ili odredba \u0107e biti izmijenjeni, obrisani i\/ili primijenjeni u najve\u0107oj dozvoljenoj mjeri kako bi se daju na snagu svrhu ovih Odredbi i uslova. Ostale odredbe ne\u0107e biti pogo\u0111ene.<\/p><h2>26. Kontakt informacije<\/h2><p>Ova web stranica je u vlasni\u0161tvu i kojom upravlja BovaHost (Projekt L Jajce).<\/p><p>Mo\u017eete nas kontaktirati u vezi sa ovim Odredbama i uslovima putem na\u0161eg <a href=\"https:\/\/bovahost.com\/bhs\/kontaktirajte-nas\/\">kontakt<\/a> stranica.<\/p><h2>27. Preuzmi<\/h2><p>Mo\u017eete i vi <a href=\"https:\/\/bovahost.com\/wp-content\/plugins\/complianz-terms-conditions\/download.php\">preuzimanje<\/a> na\u0161i uslovi i odredbe u PDF-u.<\/p><\/div>","protected":false},"excerpt":{"rendered":"","protected":false},"author":1,"featured_media":0,"parent":0,"menu_order":0,"comment_status":"closed","ping_status":"closed","template":"","meta":{"inline_featured_image":false,"footnotes":""},"class_list":["post-2954","page","type-page","status-publish","hentry"],"yoast_head":"<!-- This site is optimized with the Yoast SEO Premium plugin v23.4 (Yoast SEO v26.6) - https:\/\/yoast.com\/wordpress\/plugins\/seo\/ -->\n<title>Terms and Conditions | Bova HOST<\/title>\n<meta name=\"robots\" content=\"index, follow, max-snippet:-1, max-image-preview:large, max-video-preview:-1\" \/>\n<link rel=\"canonical\" href=\"https:\/\/bovahost.com\/bhs\/odredbe-i-uslovi\/\" \/>\n<meta property=\"og:locale\" content=\"bs_BA\" \/>\n<meta property=\"og:type\" content=\"article\" \/>\n<meta property=\"og:title\" content=\"Terms and Conditions\" \/>\n<meta property=\"og:url\" content=\"https:\/\/bovahost.com\/bhs\/odredbe-i-uslovi\/\" \/>\n<meta property=\"og:site_name\" content=\"Bova HOST\" \/>\n<meta property=\"og:image\" content=\"https:\/\/bovahost.com\/wp-content\/uploads\/2024\/05\/wordpress-2.png\" \/>\n\t<meta property=\"og:image:width\" content=\"1524\" \/>\n\t<meta property=\"og:image:height\" content=\"1180\" \/>\n\t<meta property=\"og:image:type\" content=\"image\/png\" \/>\n<meta name=\"twitter:card\" content=\"summary_large_image\" \/>\n<script type=\"application\/ld+json\" class=\"yoast-schema-graph\">{\"@context\":\"https:\/\/schema.org\",\"@graph\":[{\"@type\":\"WebPage\",\"@id\":\"https:\/\/bovahost.com\/terms-and-conditions\/\",\"url\":\"https:\/\/bovahost.com\/terms-and-conditions\/\",\"name\":\"Terms and Conditions | Bova HOST\",\"isPartOf\":{\"@id\":\"https:\/\/bovahost.com\/#website\"},\"datePublished\":\"2024-09-21T19:15:20+00:00\",\"breadcrumb\":{\"@id\":\"https:\/\/bovahost.com\/terms-and-conditions\/#breadcrumb\"},\"inLanguage\":\"bs-BA\",\"potentialAction\":[{\"@type\":\"ReadAction\",\"target\":[\"https:\/\/bovahost.com\/terms-and-conditions\/\"]}]},{\"@type\":\"BreadcrumbList\",\"@id\":\"https:\/\/bovahost.com\/terms-and-conditions\/#breadcrumb\",\"itemListElement\":[{\"@type\":\"ListItem\",\"position\":1,\"name\":\"Home\",\"item\":\"https:\/\/bovahost.com\/\"},{\"@type\":\"ListItem\",\"position\":2,\"name\":\"Terms and Conditions\"}]},{\"@type\":\"WebSite\",\"@id\":\"https:\/\/bovahost.com\/#website\",\"url\":\"https:\/\/bovahost.com\/\",\"name\":\"BovaHOST\",\"description\":\"\",\"publisher\":{\"@id\":\"https:\/\/bovahost.com\/#organization\"},\"potentialAction\":[{\"@type\":\"SearchAction\",\"target\":{\"@type\":\"EntryPoint\",\"urlTemplate\":\"https:\/\/bovahost.com\/?s={search_term_string}\"},\"query-input\":{\"@type\":\"PropertyValueSpecification\",\"valueRequired\":true,\"valueName\":\"search_term_string\"}}],\"inLanguage\":\"bs-BA\"},{\"@type\":\"Organization\",\"@id\":\"https:\/\/bovahost.com\/#organization\",\"name\":\"BovaHOST (Projekt L Jajce)\",\"url\":\"https:\/\/bovahost.com\/\",\"logo\":{\"@type\":\"ImageObject\",\"inLanguage\":\"bs-BA\",\"@id\":\"https:\/\/bovahost.com\/#\/schema\/logo\/image\/\",\"url\":\"https:\/\/bovahost.com\/wp-content\/uploads\/2024\/09\/logo-light.png\",\"contentUrl\":\"https:\/\/bovahost.com\/wp-content\/uploads\/2024\/09\/logo-light.png\",\"width\":450,\"height\":80,\"caption\":\"BovaHOST (Projekt L Jajce)\"},\"image\":{\"@id\":\"https:\/\/bovahost.com\/#\/schema\/logo\/image\/\"}}]}<\/script>\n<!-- \/ Yoast SEO Premium plugin. -->","yoast_head_json":{"title":"Uslovi poslovanja | Bova HOST","robots":{"index":"index","follow":"follow","max-snippet":"max-snippet:-1","max-image-preview":"max-image-preview:large","max-video-preview":"max-video-preview:-1"},"canonical":"https:\/\/bovahost.com\/bhs\/odredbe-i-uslovi\/","og_locale":"bs_BA","og_type":"article","og_title":"Terms and Conditions","og_url":"https:\/\/bovahost.com\/bhs\/odredbe-i-uslovi\/","og_site_name":"Bova HOST","og_image":[{"width":1524,"height":1180,"url":"https:\/\/bovahost.com\/wp-content\/uploads\/2024\/05\/wordpress-2.png","type":"image\/png"}],"twitter_card":"summary_large_image","schema":{"@context":"https:\/\/schema.org","@graph":[{"@type":"WebPage","@id":"https:\/\/bovahost.com\/terms-and-conditions\/","url":"https:\/\/bovahost.com\/terms-and-conditions\/","name":"Uslovi poslovanja | Bova HOST","isPartOf":{"@id":"https:\/\/bovahost.com\/#website"},"datePublished":"2024-09-21T19:15:20+00:00","breadcrumb":{"@id":"https:\/\/bovahost.com\/terms-and-conditions\/#breadcrumb"},"inLanguage":"bs-BA","potentialAction":[{"@type":"ReadAction","target":["https:\/\/bovahost.com\/terms-and-conditions\/"]}]},{"@type":"BreadcrumbList","@id":"https:\/\/bovahost.com\/terms-and-conditions\/#breadcrumb","itemListElement":[{"@type":"ListItem","position":1,"name":"Home","item":"https:\/\/bovahost.com\/"},{"@type":"ListItem","position":2,"name":"Terms and Conditions"}]},{"@type":"WebSite","@id":"https:\/\/bovahost.com\/#website","url":"https:\/\/bovahost.com\/","name":"BovaHOST","description":"","publisher":{"@id":"https:\/\/bovahost.com\/#organization"},"potentialAction":[{"@type":"SearchAction","target":{"@type":"EntryPoint","urlTemplate":"https:\/\/bovahost.com\/?s={search_term_string}"},"query-input":{"@type":"PropertyValueSpecification","valueRequired":true,"valueName":"search_term_string"}}],"inLanguage":"bs-BA"},{"@type":"Organization","@id":"https:\/\/bovahost.com\/#organization","name":"BovaHOST (Projekt L Jajce)","url":"https:\/\/bovahost.com\/","logo":{"@type":"ImageObject","inLanguage":"bs-BA","@id":"https:\/\/bovahost.com\/#\/schema\/logo\/image\/","url":"https:\/\/bovahost.com\/wp-content\/uploads\/2024\/09\/logo-light.png","contentUrl":"https:\/\/bovahost.com\/wp-content\/uploads\/2024\/09\/logo-light.png","width":450,"height":80,"caption":"BovaHOST (Projekt L Jajce)"},"image":{"@id":"https:\/\/bovahost.com\/#\/schema\/logo\/image\/"}}]}},"_links":{"self":[{"href":"https:\/\/bovahost.com\/bhs\/wp-json\/wp\/v2\/pages\/2954","targetHints":{"allow":["GET"]}}],"collection":[{"href":"https:\/\/bovahost.com\/bhs\/wp-json\/wp\/v2\/pages"}],"about":[{"href":"https:\/\/bovahost.com\/bhs\/wp-json\/wp\/v2\/types\/page"}],"author":[{"embeddable":true,"href":"https:\/\/bovahost.com\/bhs\/wp-json\/wp\/v2\/users\/1"}],"replies":[{"embeddable":true,"href":"https:\/\/bovahost.com\/bhs\/wp-json\/wp\/v2\/comments?post=2954"}],"version-history":[{"count":0,"href":"https:\/\/bovahost.com\/bhs\/wp-json\/wp\/v2\/pages\/2954\/revisions"}],"wp:attachment":[{"href":"https:\/\/bovahost.com\/bhs\/wp-json\/wp\/v2\/media?parent=2954"}],"curies":[{"name":"radni list","href":"https:\/\/api.w.org\/{rel}","templated":true}]}}