{"id":1440,"date":"2024-05-31T17:20:23","date_gmt":"2024-05-31T17:20:23","guid":{"rendered":"https:\/\/gohost.keystonedemo.xyz\/?page_id=1440"},"modified":"2024-09-23T13:32:34","modified_gmt":"2024-09-23T11:32:34","slug":"privacy-policy","status":"publish","type":"page","link":"https:\/\/bovahost.com\/bhs\/politika-privatnosti\/","title":{"rendered":"Politika privatnosti"},"content":{"rendered":"<p>Dobrodo\u0161li u BovaHost!<\/p>\n<p>U BovaHost-u, dostupnom sa https:\/\/bovahost.com\/, jedan od na\u0161ih glavnih prioriteta je privatnost na\u0161ih posjetitelja. Ovaj dokument o politici privatnosti sadr\u017ei vrste informacija koje BovaHost prikuplja i bilje\u017ei i kako ih koristimo.<\/p>\n<p>Ako imate dodatnih pitanja ili trebate vi\u0161e informacija o na\u0161oj Politici privatnosti, ne oklijevajte da nas kontaktirate.<\/p>\n<h3><strong>Log Files<\/strong><\/h3>\n<p>BovaHost slijedi standardnu proceduru kori\u0161tenja log datoteka i mi\u0161ljenja BovaHost-a, njegovih agenata i\/ili podru\u017enica. Komentari odra\u017eavaju stavove i mi\u0161ljenja osobe koja objavljuje svoje stavove i mi\u0161ljenja. U mjeri u kojoj je to dozvoljeno va\u017ee\u0107im zakonima, BovaHost ne\u0107e biti odgovoran za komentare niti za bilo kakvu odgovornost, \u0161tetu ili tro\u0161kove uzrokovane i\/ili pretrpljene kao rezultat bilo kakvog kori\u0161tenja i\/ili objavljivanja i\/ili pojavljivanja komentara na ovu web stranicu.<\/p>\n<p>BovaHost zadr\u017eava pravo da prati sve komentare i da ukloni sve komentare koji se mogu smatrati neprikladnim, uvredljivim ili uzrokovati kr\u0161enje ovih Uvjeta i odredbi.<\/p>\n<p>Garantujete i izjavljujete da:<\/p>\n<ul>\n<li>Imate pravo da postavljate komentare na na\u0161oj web stranici i imate sve potrebne licence i saglasnosti za to;<\/li>\n<li>Komentari ne naru\u0161avaju nijedno pravo intelektualne svojine, uklju\u010duju\u0107i bez ograni\u010denja autorska prava, patent ili \u017eig bilo koje tre\u0107e strane;<\/li>\n<li>Komentari ne sadr\u017ee nikakav klevetni\u010dki, klevetni\u010dki, uvredljiv, nepristojan ili na drugi na\u010din nezakonit materijal koji predstavlja zadiranje u privatnost;<\/li>\n<li>Komentari se ne\u0107e koristiti za tra\u017eenje ili promoviranje poslovanja ili obi\u010daja ili predstavljanje komercijalnih aktivnosti ili nezakonitih aktivnosti.<\/li>\n<\/ul>\n<p>Ovim dajete BovaHostu neekskluzivnu licencu za kori\u0161tenje, reprodukciju, ure\u0111ivanje i ovla\u0161\u0107ivanje drugih da koriste, reproduciraju i ure\u0111uju bilo koji va\u0161 komentar u bilo kojem obliku, formatu ili mediju.<\/p>\n<h3><strong>Hiperlinkovi na na\u0161 sadr\u017eaj<\/strong><\/h3>\n<p>Sljede\u0107e organizacije mogu povezivati na\u0161u web stranicu bez prethodnog pismenog odobrenja:<\/p>\n<ul>\n<li>Vladine agencije;<\/li>\n<li>Tra\u017eilice;<\/li>\n<li>Novinske organizacije;<\/li>\n<li>Distributeri internetskih imenika mogu se povezivati na na\u0161u web stranicu na isti na\u010din kao \u0161to hiperlinkuju na web stranice drugih navedenih preduze\u0107a; i<\/li>\n<li>Akreditovana preduze\u0107a u celom sistemu, osim prikupljanja neprofitnih organizacija, dobrotvornih trgova\u010dkih centara i dobrotvornih grupa za prikupljanje sredstava koje ne smeju imati hiperlink na na\u0161u veb stranicu.<\/li>\n<\/ul>\n<p>Ove organizacije mogu povezivati na na\u0161u po\u010detnu stranicu, publikacije ili druge informacije o web stranici sve dok link: (a) nije na bilo koji na\u010din obmanjuju\u0107i; (b) ne implicira la\u017eno sponzorstvo, podr\u0161ku ili odobrenje strane koja povezuje i njenih proizvoda i\/ili usluga; i (c) uklapa se u kontekst web stranice strane koja povezuje.<\/p>\n<p>Mo\u017eemo razmotriti i odobriti druge zahtjeve za povezivanje sljede\u0107ih tipova organizacija:<\/p>\n<ul>\n<li>op\u0161tepoznati izvori informacija o potro\u0161a\u010dima i\/ili poslovnim subjektima;<\/li>\n<li>web stranice zajednice dot.com;<\/li>\n<li>udru\u017eenja ili druge grupe koje predstavljaju dobrotvorne organizacije;<\/li>\n<li>Internetski distributeri imenika;<\/li>\n<li>internet portali;<\/li>\n<li>ra\u010dunovodstvene, pravne i konsultantske firme; i<\/li>\n<li>obrazovne institucije i trgova\u010dka udru\u017eenja.<\/li>\n<\/ul>\n<p>Mi \u0107emo odobriti zahtjeve za povezivanje od ovih organizacija ako odlu\u010dimo da: (a) veza ne bi u\u010dinila da izgledamo nepovoljno prema nama samima ili na\u0161im akreditovanim preduze\u0107ima; (b) organizacija nema negativnu evidenciju kod nas; (c) korist za nas od vidljivosti hiperlinka nadokna\u0111uje odsustvo BovaHost-a; i (d) veza je u kontekstu op\u0161tih informacija izvora.<\/p>\n<p>Ove organizacije mogu povezivati na na\u0161u po\u010detnu stranicu sve dok link: (a) nije na bilo koji na\u010din obmanjuju\u0107i; (b) ne implicira la\u017eno sponzorstvo, podr\u0161ku ili odobrenje strane koja povezuje i njenih proizvoda ili usluga; i (c) uklapa se u kontekst web stranice strane koja povezuje.<\/p>\n<p>Ako ste jedna od organizacija navedenih u paragrafu 2 iznad i zainteresirani ste za povezivanje na na\u0161u web stranicu, morate nas obavijestiti slanjem e-po\u0161te na BovaHost. Molimo uklju\u010dite svoje ime, naziv va\u0161e organizacije, kontakt informacije kao i URL va\u0161e stranice, listu svih URL-ova sa kojih namjeravate da se pove\u017eete na na\u0161u web stranicu i listu URL-ova na na\u0161oj web stranici na koje \u017eelite link. Sa\u010dekajte 2-3 sedmice za odgovor.<\/p>\n<p>Odobrene organizacije mogu hiperlink do na\u0161e web stranice na sljede\u0107i na\u010din:<\/p>\n<ul>\n<li>Kori\u0161tenjem na\u0161eg korporativnog imena; ili<\/li>\n<li>Kori\u0161\u0107enjem jedinstvenog lokatora resursa na koji se povezuje; ili<\/li>\n<li>Kori\u0161tenjem bilo kojeg drugog opisa na\u0161eg web-mjesta koji je povezan na koji ima smisla u kontekstu i formatu sadr\u017eaja na web-stranici koja povezuje.<\/li>\n<\/ul>\n<p>Ne\u0107e biti dozvoljena upotreba logotipa BovaHost-a ili drugog umjetni\u010dkog djela za povezivanje bez ugovora o licenciranju za\u0161titnog znaka.<\/p>\n<h3><strong>iFrames<\/strong><\/h3>\n<p>Bez prethodnog odobrenja i pismene dozvole, ne smijete kreirati okvire oko na\u0161ih web stranica koji na bilo koji na\u010din mijenjaju vizualnu prezentaciju ili izgled na\u0161e web stranice.<\/p>\n<h3><strong>Odgovornost za sadr\u017eaj<\/strong><\/h3>\n<p>Ne\u0107emo biti odgovorni za bilo koji sadr\u017eaj koji se pojavi na va\u0161oj web stranici. Sla\u017eete se da \u0107ete nas \u0161tititi i braniti od svih tu\u017ebi koje se pojave na va\u0161oj web stranici. Nijedna veza(e) ne bi se trebala pojaviti na bilo kojoj web stranici koja se mo\u017ee protuma\u010diti kao klevetni\u010dka, opscena ili kriminalna, ili koja kr\u0161i, na drugi na\u010din kr\u0161i ili zagovara kr\u0161enje ili drugo kr\u0161enje prava tre\u0107ih strana.<\/p>\n<h3><strong>Zadr\u017eavanje prava<\/strong><\/h3>\n<p>Zadr\u017eavamo pravo da zatra\u017eimo da uklonite sve veze ili bilo koju odre\u0111enu vezu do na\u0161e web stranice. Saglasni ste da na zahtjev odmah uklonite sve linkove na na\u0161u web stranicu. Tako\u0111e zadr\u017eavamo pravo da u bilo kom trenutku izmenimo ove odredbe i uslove i njihovu politiku povezivanja. Kontinuiranim povezivanjem na na\u0161u web stranicu, sla\u017eete se da \u0107ete biti vezani i slijediti ove odredbe i uvjete povezivanja.<\/p>\n<h3><strong>Uklanjanje linkova sa na\u0161e web stranice<\/strong><\/h3>\n<p>Ako prona\u0111ete bilo koju vezu na na\u0161oj web stranici koja je uvredljiva iz bilo kojeg razloga, slobodni ste da nas kontaktirate i obavijestite nas u bilo kojem trenutku. Razmotrit \u0107emo zahtjeve za uklanjanje linkova, ali nismo u obavezi da to u\u010dinimo niti da vam direktno odgovorimo.<\/p>\n<p>Ne osiguravamo da su informacije na ovoj web stranici ta\u010dne, ne jam\u010dimo njihovu potpunost ili ta\u010dnost; niti obe\u0107avamo da \u0107emo osigurati da web stranica ostane dostupna ili da se materijal na web stranici a\u017eurira.<\/p>\n<h3><strong>Odricanje od odgovornosti<\/strong><\/h3>\n<p>U maksimalnoj mjeri dopu\u0161tenoj va\u017ee\u0107im zakonom, isklju\u010dujemo sve izjave, jamstva i uvjete koji se odnose na na\u0161u web stranicu i kori\u0161tenje ove web stranice. Ni\u0161ta u ovom odricanju od odgovornosti ne\u0107e:<\/p>\n<ul>\n<li>ograni\u010diti ili isklju\u010diti na\u0161u ili va\u0161u odgovornost za smrt ili li\u010dnu povredu;<\/li>\n<li>ograni\u010diti ili isklju\u010diti na\u0161u ili va\u0161u odgovornost za prevaru ili la\u017eno la\u017eno predstavljanje;<\/li>\n<li>ograni\u010diti bilo koju na\u0161u ili va\u0161u odgovornost na bilo koji na\u010din koji nije dozvoljen va\u017ee\u0107im zakonom; ili<\/li>\n<li>isklju\u010diti bilo koju od na\u0161ih ili va\u0161ih obaveza koje ne mogu biti isklju\u010dene prema va\u017ee\u0107em zakonu.<\/li>\n<\/ul>\n<p>Ograni\u010denja i zabrane odgovornosti utvr\u0111ene u ovom odeljku i drugde u ovom odricanju odgovornosti: (a) podle\u017eu prethodnom stavu; i (b) reguli\u0161e sve obaveze koje proizilaze iz odricanja odgovornosti, uklju\u010duju\u0107i obaveze koje proizilaze iz ugovora, delikta i zbog kr\u0161enja zakonske du\u017enosti.<\/p>\n<p>Sve dok se web stranica i informacije i usluge na web stranici pru\u017eaju besplatno, ne\u0107emo biti odgovorni za bilo kakav gubitak ili \u0161tetu bilo koje prirode.<\/p>","protected":false},"excerpt":{"rendered":"<p>Dobrodo\u0161li u BovaHost! U BovaHost-u, dostupnom sa https:\/\/bovahost.com\/, jedan od na\u0161ih glavnih prioriteta je privatnost na\u0161ih posjetitelja. Ovaj dokument o politici privatnosti sadr\u017ei vrste<\/p>","protected":false},"author":1,"featured_media":0,"parent":0,"menu_order":0,"comment_status":"closed","ping_status":"closed","template":"template-full-width.php","meta":{"inline_featured_image":false,"footnotes":""},"class_list":["post-1440","page","type-page","status-publish","hentry"],"yoast_head":"<!-- This site is optimized with the Yoast SEO Premium plugin v23.4 (Yoast SEO v26.6) - https:\/\/yoast.com\/wordpress\/plugins\/seo\/ -->\n<title>Privacy Policy | Bova HOST<\/title>\n<meta name=\"description\" content=\"Welcome to BovaHost! At BovaHost, accessible from https:\/\/bovahost.com\/, one of our main priorities is the privacy of our visitors. This Privacy Policy\" \/>\n<meta name=\"robots\" content=\"index, follow, max-snippet:-1, max-image-preview:large, max-video-preview:-1\" \/>\n<link rel=\"canonical\" href=\"https:\/\/bovahost.com\/bhs\/politika-privatnosti\/\" \/>\n<meta property=\"og:locale\" content=\"bs_BA\" \/>\n<meta property=\"og:type\" content=\"article\" \/>\n<meta property=\"og:title\" content=\"Privacy Policy\" \/>\n<meta property=\"og:description\" content=\"Welcome to BovaHost! At BovaHost, accessible from https:\/\/bovahost.com\/, one of our main priorities is the privacy of our visitors. This Privacy Policy\" \/>\n<meta property=\"og:url\" content=\"https:\/\/bovahost.com\/bhs\/politika-privatnosti\/\" \/>\n<meta property=\"og:site_name\" content=\"Bova HOST\" \/>\n<meta property=\"article:modified_time\" content=\"2024-09-23T11:32:34+00:00\" \/>\n<meta property=\"og:image\" content=\"https:\/\/bovahost.com\/wp-content\/uploads\/2024\/05\/wordpress-2.png\" \/>\n\t<meta property=\"og:image:width\" content=\"1524\" \/>\n\t<meta property=\"og:image:height\" content=\"1180\" \/>\n\t<meta property=\"og:image:type\" content=\"image\/png\" \/>\n<meta name=\"twitter:card\" content=\"summary_large_image\" \/>\n<meta name=\"twitter:label1\" content=\"Est. reading time\" \/>\n\t<meta name=\"twitter:data1\" content=\"5 minuta\" \/>\n<script type=\"application\/ld+json\" class=\"yoast-schema-graph\">{\"@context\":\"https:\/\/schema.org\",\"@graph\":[{\"@type\":\"WebPage\",\"@id\":\"https:\/\/bovahost.com\/privacy-policy\/\",\"url\":\"https:\/\/bovahost.com\/privacy-policy\/\",\"name\":\"Privacy Policy | Bova HOST\",\"isPartOf\":{\"@id\":\"https:\/\/bovahost.com\/#website\"},\"datePublished\":\"2024-05-31T17:20:23+00:00\",\"dateModified\":\"2024-09-23T11:32:34+00:00\",\"description\":\"Welcome to BovaHost! At BovaHost, accessible from https:\/\/bovahost.com\/, one of our main priorities is the privacy of our visitors. This Privacy Policy\",\"breadcrumb\":{\"@id\":\"https:\/\/bovahost.com\/privacy-policy\/#breadcrumb\"},\"inLanguage\":\"bs-BA\",\"potentialAction\":[{\"@type\":\"ReadAction\",\"target\":[\"https:\/\/bovahost.com\/privacy-policy\/\"]}]},{\"@type\":\"BreadcrumbList\",\"@id\":\"https:\/\/bovahost.com\/privacy-policy\/#breadcrumb\",\"itemListElement\":[{\"@type\":\"ListItem\",\"position\":1,\"name\":\"Home\",\"item\":\"https:\/\/bovahost.com\/\"},{\"@type\":\"ListItem\",\"position\":2,\"name\":\"Privacy Policy\"}]},{\"@type\":\"WebSite\",\"@id\":\"https:\/\/bovahost.com\/#website\",\"url\":\"https:\/\/bovahost.com\/\",\"name\":\"BovaHOST\",\"description\":\"\",\"publisher\":{\"@id\":\"https:\/\/bovahost.com\/#organization\"},\"potentialAction\":[{\"@type\":\"SearchAction\",\"target\":{\"@type\":\"EntryPoint\",\"urlTemplate\":\"https:\/\/bovahost.com\/?s={search_term_string}\"},\"query-input\":{\"@type\":\"PropertyValueSpecification\",\"valueRequired\":true,\"valueName\":\"search_term_string\"}}],\"inLanguage\":\"bs-BA\"},{\"@type\":\"Organization\",\"@id\":\"https:\/\/bovahost.com\/#organization\",\"name\":\"BovaHOST (Projekt L Jajce)\",\"url\":\"https:\/\/bovahost.com\/\",\"logo\":{\"@type\":\"ImageObject\",\"inLanguage\":\"bs-BA\",\"@id\":\"https:\/\/bovahost.com\/#\/schema\/logo\/image\/\",\"url\":\"https:\/\/bovahost.com\/wp-content\/uploads\/2024\/09\/logo-light.png\",\"contentUrl\":\"https:\/\/bovahost.com\/wp-content\/uploads\/2024\/09\/logo-light.png\",\"width\":450,\"height\":80,\"caption\":\"BovaHOST (Projekt L Jajce)\"},\"image\":{\"@id\":\"https:\/\/bovahost.com\/#\/schema\/logo\/image\/\"}}]}<\/script>\n<!-- \/ Yoast SEO Premium plugin. -->","yoast_head_json":{"title":"Politika privatnosti | Bova HOST","description":"Dobrodo\u0161li u BovaHost! U BovaHost-u, dostupnom sa https:\/\/bovahost.com\/, jedan od na\u0161ih glavnih prioriteta je privatnost na\u0161ih posjetitelja. Ova politika privatnosti","robots":{"index":"index","follow":"follow","max-snippet":"max-snippet:-1","max-image-preview":"max-image-preview:large","max-video-preview":"max-video-preview:-1"},"canonical":"https:\/\/bovahost.com\/bhs\/politika-privatnosti\/","og_locale":"bs_BA","og_type":"article","og_title":"Privacy Policy","og_description":"Welcome to BovaHost! At BovaHost, accessible from https:\/\/bovahost.com\/, one of our main priorities is the privacy of our visitors. This Privacy Policy","og_url":"https:\/\/bovahost.com\/bhs\/politika-privatnosti\/","og_site_name":"Bova HOST","article_modified_time":"2024-09-23T11:32:34+00:00","og_image":[{"width":1524,"height":1180,"url":"https:\/\/bovahost.com\/wp-content\/uploads\/2024\/05\/wordpress-2.png","type":"image\/png"}],"twitter_card":"summary_large_image","twitter_misc":{"Est. reading time":"5 minuta"},"schema":{"@context":"https:\/\/schema.org","@graph":[{"@type":"WebPage","@id":"https:\/\/bovahost.com\/privacy-policy\/","url":"https:\/\/bovahost.com\/privacy-policy\/","name":"Politika privatnosti | Bova HOST","isPartOf":{"@id":"https:\/\/bovahost.com\/#website"},"datePublished":"2024-05-31T17:20:23+00:00","dateModified":"2024-09-23T11:32:34+00:00","description":"Dobrodo\u0161li u BovaHost! U BovaHost-u, dostupnom sa https:\/\/bovahost.com\/, jedan od na\u0161ih glavnih prioriteta je privatnost na\u0161ih posjetitelja. Ova politika privatnosti","breadcrumb":{"@id":"https:\/\/bovahost.com\/privacy-policy\/#breadcrumb"},"inLanguage":"bs-BA","potentialAction":[{"@type":"ReadAction","target":["https:\/\/bovahost.com\/privacy-policy\/"]}]},{"@type":"BreadcrumbList","@id":"https:\/\/bovahost.com\/privacy-policy\/#breadcrumb","itemListElement":[{"@type":"ListItem","position":1,"name":"Home","item":"https:\/\/bovahost.com\/"},{"@type":"ListItem","position":2,"name":"Privacy Policy"}]},{"@type":"WebSite","@id":"https:\/\/bovahost.com\/#website","url":"https:\/\/bovahost.com\/","name":"BovaHOST","description":"","publisher":{"@id":"https:\/\/bovahost.com\/#organization"},"potentialAction":[{"@type":"SearchAction","target":{"@type":"EntryPoint","urlTemplate":"https:\/\/bovahost.com\/?s={search_term_string}"},"query-input":{"@type":"PropertyValueSpecification","valueRequired":true,"valueName":"search_term_string"}}],"inLanguage":"bs-BA"},{"@type":"Organization","@id":"https:\/\/bovahost.com\/#organization","name":"BovaHOST (Projekt L Jajce)","url":"https:\/\/bovahost.com\/","logo":{"@type":"ImageObject","inLanguage":"bs-BA","@id":"https:\/\/bovahost.com\/#\/schema\/logo\/image\/","url":"https:\/\/bovahost.com\/wp-content\/uploads\/2024\/09\/logo-light.png","contentUrl":"https:\/\/bovahost.com\/wp-content\/uploads\/2024\/09\/logo-light.png","width":450,"height":80,"caption":"BovaHOST (Projekt L Jajce)"},"image":{"@id":"https:\/\/bovahost.com\/#\/schema\/logo\/image\/"}}]}},"_links":{"self":[{"href":"https:\/\/bovahost.com\/bhs\/wp-json\/wp\/v2\/pages\/1440","targetHints":{"allow":["GET"]}}],"collection":[{"href":"https:\/\/bovahost.com\/bhs\/wp-json\/wp\/v2\/pages"}],"about":[{"href":"https:\/\/bovahost.com\/bhs\/wp-json\/wp\/v2\/types\/page"}],"author":[{"embeddable":true,"href":"https:\/\/bovahost.com\/bhs\/wp-json\/wp\/v2\/users\/1"}],"replies":[{"embeddable":true,"href":"https:\/\/bovahost.com\/bhs\/wp-json\/wp\/v2\/comments?post=1440"}],"version-history":[{"count":0,"href":"https:\/\/bovahost.com\/bhs\/wp-json\/wp\/v2\/pages\/1440\/revisions"}],"wp:attachment":[{"href":"https:\/\/bovahost.com\/bhs\/wp-json\/wp\/v2\/media?parent=1440"}],"curies":[{"name":"radni list","href":"https:\/\/api.w.org\/{rel}","templated":true}]}}